{"id":11127,"date":"2024-09-19T06:08:56","date_gmt":"2024-09-19T02:08:56","guid":{"rendered":"https:\/\/travelwp.physcode.com\/demo-adventure-tour\/?page_id=11127"},"modified":"2026-02-13T14:46:16","modified_gmt":"2026-02-13T19:46:16","slug":"contact-us","status":"publish","type":"page","link":"https:\/\/ultratoursmedellin.com\/es\/contact-us\/","title":{"rendered":"Cont\u00e1ctenos"},"content":{"rendered":"<div data-elementor-type=\"wp-page\" data-elementor-id=\"11127\" class=\"elementor elementor-11127\" data-elementor-post-type=\"page\">\n\t\t\t\t<div class=\"elementor-element elementor-element-547fe0b e-flex e-con-boxed e-con e-parent\" data-id=\"547fe0b\" data-element_type=\"container\" data-e-type=\"container\">\n\t\t\t\t\t<div class=\"e-con-inner\">\n\t\t<div class=\"elementor-element elementor-element-578e5fb e-con-full e-flex e-con e-child\" data-id=\"578e5fb\" data-element_type=\"container\" data-e-type=\"container\" data-settings=\"{&quot;background_background&quot;:&quot;classic&quot;}\">\n\t\t\t\t<div class=\"elementor-element elementor-element-d91be9b elementor-widget elementor-widget-thim-ekits-breadcrumb\" data-id=\"d91be9b\" data-element_type=\"widget\" data-e-type=\"widget\" data-widget_type=\"thim-ekits-breadcrumb.default\">\n\t\t\t\t<div class=\"elementor-widget-container\">\n\t\t\t\t\t\n\t\t\t<div class=\"thim-ekit-breadcrumb\">\n\n\t\t\t\tInicio\n\t\t\t<\/div>\n\n\t\t\t\t\t\t\t<\/div>\n\t\t\t\t<\/div>\n\t\t\t\t<div class=\"elementor-element elementor-element-2bf0af4 elementor-widget elementor-widget-thim-ekits-page-title\" data-id=\"2bf0af4\" data-element_type=\"widget\" data-e-type=\"widget\" data-widget_type=\"thim-ekits-page-title.default\">\n\t\t\t\t<div class=\"elementor-widget-container\">\n\t\t\t\t\t\t\t<div class=\"thim-ekit-page-title\">\n\t\t<h1 class=\"page-title\">Archivos<\/h1>\t\t<\/div>\n\t\t\t\t\t\t<\/div>\n\t\t\t\t<\/div>\n\t\t\t\t<div class=\"elementor-element elementor-element-7db9431 elementor-widget elementor-widget-text-editor\" data-id=\"7db9431\" data-element_type=\"widget\" data-e-type=\"widget\" data-widget_type=\"text-editor.default\">\n\t\t\t\t\t\t\t\t\t<p>P\u00f3ngase en contacto con nosotros para cualquier consulta o asistencia: \u00a1estamos aqu\u00ed para ayudarle!<\/p>\t\t\t\t\t\t\t\t<\/div>\n\t\t\t\t<\/div>\n\t\t\t\t\t<\/div>\n\t\t\t\t<\/div>\n\t\t<div class=\"elementor-element elementor-element-596726c e-flex e-con-boxed e-con e-parent\" data-id=\"596726c\" data-element_type=\"container\" data-e-type=\"container\" data-settings=\"{&quot;background_background&quot;:&quot;classic&quot;}\">\n\t\t\t\t\t<div class=\"e-con-inner\">\n\t\t<div class=\"elementor-element elementor-element-1bd8d61 e-con-full e-flex e-con e-child\" data-id=\"1bd8d61\" data-element_type=\"container\" data-e-type=\"container\">\n\t\t\t\t<div class=\"elementor-element elementor-element-a08143a elementor-widget__width-initial elementor-widget elementor-widget-thim-ekits-heading\" data-id=\"a08143a\" data-element_type=\"widget\" data-e-type=\"widget\" data-widget_type=\"thim-ekits-heading.default\">\n\t\t\t\t<div class=\"elementor-widget-container\">\n\t\t\t\t\t<div class=\"thim-ekits-heading thim-ekit__heading\"><h2 class=\"title\">Pong\u00e1monos en contacto y hablemos de tus sue\u00f1os de viaje.<\/h2>\t\t\t<div class='desc'>\n\t\t\t\t<p>Cu\u00e9ntanos cu\u00e1les son tus sue\u00f1os de viaje para este a\u00f1o y te ayudaremos a hacerlos realidad.<\/p>\t\t\t<\/div>\n\t\t<\/div>\t\t\t\t<\/div>\n\t\t\t\t<\/div>\n\t\t\t\t<\/div>\n\t\t<div class=\"elementor-element elementor-element-62de8ba e-con-full e-flex e-con e-child\" data-id=\"62de8ba\" data-element_type=\"container\" data-e-type=\"container\">\n\t\t\t\t<div class=\"elementor-element elementor-element-48abbf2 elementor-widget elementor-widget-thim-ekits-contact-form-7\" data-id=\"48abbf2\" data-element_type=\"widget\" data-e-type=\"widget\" data-widget_type=\"thim-ekits-contact-form-7.default\">\n\t\t\t\t<div class=\"elementor-widget-container\">\n\t\t\t\t\t\t\t\t<div class=\"thim-ekit-wpcf7\">\n\t\t\t\t\n<div class=\"wpcf7 no-js\" id=\"wpcf7-f2988-o1\" lang=\"en-US\" dir=\"ltr\" data-wpcf7-id=\"2988\">\n<div class=\"screen-reader-response\"><p role=\"status\" aria-live=\"polite\" aria-atomic=\"true\"><\/p> <ul><\/ul><\/div>\n<form action=\"\/es\/wp-json\/wp\/v2\/pages\/11127#wpcf7-f2988-o1\" method=\"post\" class=\"wpcf7-form init\" aria-label=\"Contact form\" novalidate=\"novalidate\" data-status=\"init\" data-trp-original-action=\"\/es\/wp-json\/wp\/v2\/pages\/11127#wpcf7-f2988-o1\">\n<fieldset class=\"hidden-fields-container\"><input type=\"hidden\" name=\"_wpcf7\" value=\"2988\" \/><input type=\"hidden\" name=\"_wpcf7_version\" value=\"6.1.5\" \/><input type=\"hidden\" name=\"_wpcf7_locale\" value=\"en_US\" \/><input type=\"hidden\" name=\"_wpcf7_unit_tag\" value=\"wpcf7-f2988-o1\" \/><input type=\"hidden\" name=\"_wpcf7_container_post\" value=\"0\" \/><input type=\"hidden\" name=\"_wpcf7_posted_data_hash\" value=\"\" \/>\n<\/fieldset>\n<div class=\"form-contact-wp\">\n\t<div class=\"field-form\">\n\t\t<p><label for=\"name-cr\">Nombre<\/label><br \/>\n<span class=\"wpcf7-form-control-wrap\" data-name=\"name-345\"><input size=\"40\" maxlength=\"400\" class=\"wpcf7-form-control wpcf7-text wpcf7-validates-as-required\" id=\"name-cr\" aria-required=\"true\" aria-invalid=\"false\" placeholder=\"Tu nombre\" value=\"\" type=\"text\" name=\"name-345\" \/><\/span>\n\t\t<\/p>\n\t<\/div>\n\t<div class=\"field-form\">\n\t\t<p><label for=\"email-cr\">Correo electr\u00f3nico<\/label><br \/>\n<span class=\"wpcf7-form-control-wrap\" data-name=\"email-567\"><input size=\"40\" maxlength=\"400\" class=\"wpcf7-form-control wpcf7-email wpcf7-validates-as-required wpcf7-text wpcf7-validates-as-email\" id=\"email-cr\" aria-required=\"true\" aria-invalid=\"false\" placeholder=\"hello@email.com\" value=\"\" type=\"email\" name=\"email-567\" \/><\/span>\n\t\t<\/p>\n\t<\/div>\n\t<div class=\"field-form\">\n\t\t<p><label for=\"textarea-cr\">\u00bfC\u00f3mo podemos ayudarle?<\/label><br \/>\n<span class=\"wpcf7-form-control-wrap\" data-name=\"textarea-886\"><textarea cols=\"40\" rows=\"10\" maxlength=\"2000\" class=\"wpcf7-form-control wpcf7-textarea wpcf7-validates-as-required\" id=\"textarea-cr\" aria-required=\"true\" aria-invalid=\"false\" placeholder=\"Cu\u00e9ntanos un poco sobre el destino de tus sue\u00f1os.\" name=\"textarea-886\"><\/textarea><\/span>\n\t\t<\/p>\n\t<\/div>\n\t<p><input class=\"wpcf7-form-control wpcf7-submit has-spinner bt-send-contact\" type=\"submit\" value=\"Enviar\" \/>\n\t<\/p>\n<\/div><div class=\"wpcf7-response-output\" aria-hidden=\"true\"><\/div>\n<input type=\"hidden\" name=\"trp-form-language\" value=\"es\"\/><\/form>\n<\/div>\n\t\t\t<\/div>\n\t\t\t\t\t\t<\/div>\n\t\t\t\t<\/div>\n\t\t\t\t<\/div>\n\t\t\t\t\t<\/div>\n\t\t\t\t<\/div>\n\t\t<div class=\"elementor-element elementor-element-2a841a2 e-flex e-con-boxed e-con e-parent\" data-id=\"2a841a2\" data-element_type=\"container\" data-e-type=\"container\">\n\t\t\t\t\t<div class=\"e-con-inner\">\n\t\t<div class=\"elementor-element elementor-element-fdbb200 e-con-full e-flex e-con e-child\" data-id=\"fdbb200\" data-element_type=\"container\" data-e-type=\"container\">\n\t\t\t\t<div class=\"elementor-element elementor-element-a9f33cf elementor-widget elementor-widget-google_maps\" data-id=\"a9f33cf\" data-element_type=\"widget\" data-e-type=\"widget\" data-widget_type=\"google_maps.default\">\n\t\t\t\t\t\t\t<div class=\"elementor-custom-embed\">\n\t\t\t<iframe loading=\"lazy\"\n\t\t\t\t\tsrc=\"https:\/\/maps.google.com\/maps?q=Cl.%2042%20%23%2068-36%2C%20Laureles&#038;t=m&#038;z=10&#038;output=embed&#038;iwloc=near\"\n\t\t\t\t\ttitle=\"Cl. 42 # 68-36, Laureles\"\n\t\t\t\t\taria-label=\"Cl. 42 # 68-36, Laureles\"\n\t\t\t><\/iframe>\n\t\t<\/div>\n\t\t\t\t\t\t<\/div>\n\t\t\t\t<\/div>\n\t\t<div class=\"elementor-element elementor-element-db788a1 e-con-full e-flex e-con e-child\" data-id=\"db788a1\" data-element_type=\"container\" data-e-type=\"container\">\n\t\t\t\t<div class=\"elementor-element elementor-element-645329d elementor-widget elementor-widget-thim-ekits-heading\" data-id=\"645329d\" data-element_type=\"widget\" data-e-type=\"widget\" data-widget_type=\"thim-ekits-heading.default\">\n\t\t\t\t<div class=\"elementor-widget-container\">\n\t\t\t\t\t<div class=\"thim-ekits-heading thim-ekit__heading\"><h2 class=\"title\">Empresa de viajes<\/h2>\t\t\t<div class='desc'>\n\t\t\t\t<ul><li><strong>Whatsapp: +573197742973<\/strong><\/li><li><strong>Correo electr\u00f3nico:<\/strong>\u00a0 ultratourmedellin@gmail.com<\/li><\/ul>\t\t\t<\/div>\n\t\t<\/div>\t\t\t\t<\/div>\n\t\t\t\t<\/div>\n\t\t\t\t<div class=\"elementor-element elementor-element-1ae2db7 e-grid-align-left elementor-shape-rounded elementor-grid-0 elementor-widget elementor-widget-social-icons\" data-id=\"1ae2db7\" data-element_type=\"widget\" data-e-type=\"widget\" data-widget_type=\"social-icons.default\">\n\t\t\t\t\t\t\t<div class=\"elementor-social-icons-wrapper elementor-grid\" role=\"list\">\n\t\t\t\t\t\t\t<span class=\"elementor-grid-item\" role=\"listitem\">\n\t\t\t\t\t<a class=\"elementor-icon elementor-social-icon elementor-social-icon-youtube elementor-repeater-item-d805a00\" target=\"_blank\">\n\t\t\t\t\t\t<span class=\"elementor-screen-only\">Youtube<\/span>\n\t\t\t\t\t\t<i aria-hidden=\"true\" class=\"fab fa-youtube\"><\/i>\t\t\t\t\t<\/a>\n\t\t\t\t<\/span>\n\t\t\t\t\t\t\t<span class=\"elementor-grid-item\" role=\"listitem\">\n\t\t\t\t\t<a class=\"elementor-icon elementor-social-icon elementor-social-icon-instagram elementor-repeater-item-fe104c4\" href=\"https:\/\/www.instagram.com\/ultratoursmedellin\/\" target=\"_blank\">\n\t\t\t\t\t\t<span class=\"elementor-screen-only\">Instagram<\/span>\n\t\t\t\t\t\t<i aria-hidden=\"true\" class=\"fab fa-instagram\"><\/i>\t\t\t\t\t<\/a>\n\t\t\t\t<\/span>\n\t\t\t\t\t\t\t<span class=\"elementor-grid-item\" role=\"listitem\">\n\t\t\t\t\t<a class=\"elementor-icon elementor-social-icon elementor-social-icon-whatsapp elementor-repeater-item-9e1faef\" href=\"http:\/\/\u202a+57\u00a0319\u00a07742973\u202c\" target=\"_blank\">\n\t\t\t\t\t\t<span class=\"elementor-screen-only\">WhatsApp<\/span>\n\t\t\t\t\t\t<i aria-hidden=\"true\" class=\"fab fa-whatsapp\"><\/i>\t\t\t\t\t<\/a>\n\t\t\t\t<\/span>\n\t\t\t\t\t<\/div>\n\t\t\t\t\t\t<\/div>\n\t\t\t\t<\/div>\n\t\t\t\t\t<\/div>\n\t\t\t\t<\/div>\n\t\t\t\t<\/div>","protected":false},"excerpt":{"rendered":"<p>Inicio<br \/>\nArchivos<br \/>\nP\u00f3ngase en contacto con nosotros para cualquier consulta o asistencia: \u00a1estamos aqu\u00ed para ayudarle!<br \/>\nPong\u00e1monos en contacto y hablemos de tus sue\u00f1os de viaje.<br \/>\nTalk about and plan what your travel dreams <\/p>","protected":false},"author":1,"featured_media":0,"parent":0,"menu_order":0,"comment_status":"closed","ping_status":"closed","template":"elementor_header_footer","meta":{"footnotes":""},"class_list":["post-11127","page","type-page","status-publish","hentry"],"aioseo_notices":[],"_links":{"self":[{"href":"https:\/\/ultratoursmedellin.com\/es\/wp-json\/wp\/v2\/pages\/11127","targetHints":{"allow":["GET"]}}],"collection":[{"href":"https:\/\/ultratoursmedellin.com\/es\/wp-json\/wp\/v2\/pages"}],"about":[{"href":"https:\/\/ultratoursmedellin.com\/es\/wp-json\/wp\/v2\/types\/page"}],"author":[{"embeddable":true,"href":"https:\/\/ultratoursmedellin.com\/es\/wp-json\/wp\/v2\/users\/1"}],"replies":[{"embeddable":true,"href":"https:\/\/ultratoursmedellin.com\/es\/wp-json\/wp\/v2\/comments?post=11127"}],"version-history":[{"count":9,"href":"https:\/\/ultratoursmedellin.com\/es\/wp-json\/wp\/v2\/pages\/11127\/revisions"}],"predecessor-version":[{"id":17686,"href":"https:\/\/ultratoursmedellin.com\/es\/wp-json\/wp\/v2\/pages\/11127\/revisions\/17686"}],"wp:attachment":[{"href":"https:\/\/ultratoursmedellin.com\/es\/wp-json\/wp\/v2\/media?parent=11127"}],"curies":[{"name":"wp","href":"https:\/\/api.w.org\/{rel}","templated":true}]}}