{"id":11201,"date":"2024-09-19T08:02:59","date_gmt":"2024-09-19T04:02:59","guid":{"rendered":"https:\/\/travelwp.physcode.com\/demo-adventure-tour\/?page_id=11201"},"modified":"2026-03-16T15:36:18","modified_gmt":"2026-03-16T20:36:18","slug":"faqs","status":"publish","type":"page","link":"https:\/\/ultratoursmedellin.com\/es\/faqs\/","title":{"rendered":"Preguntas frecuentes"},"content":{"rendered":"<div data-elementor-type=\"wp-page\" data-elementor-id=\"11201\" class=\"elementor elementor-11201\" data-elementor-post-type=\"page\">\n\t\t\t\t<div class=\"elementor-element elementor-element-e5feb89 e-flex e-con-boxed e-con e-parent\" data-id=\"e5feb89\" data-element_type=\"container\" data-e-type=\"container\">\n\t\t\t\t\t<div class=\"e-con-inner\">\n\t\t<div class=\"elementor-element elementor-element-7970904 e-con-full e-flex e-con e-child\" data-id=\"7970904\" data-element_type=\"container\" data-e-type=\"container\" data-settings=\"{&quot;background_background&quot;:&quot;classic&quot;}\">\n\t\t\t\t<div class=\"elementor-element elementor-element-e99130e elementor-widget elementor-widget-thim-ekits-breadcrumb\" data-id=\"e99130e\" data-element_type=\"widget\" data-e-type=\"widget\" data-widget_type=\"thim-ekits-breadcrumb.default\">\n\t\t\t\t<div class=\"elementor-widget-container\">\n\t\t\t\t\t\n\t\t\t<div class=\"thim-ekit-breadcrumb\">\n\n\t\t\t\tInicio\n\t\t\t<\/div>\n\n\t\t\t\t\t\t\t<\/div>\n\t\t\t\t<\/div>\n\t\t\t\t<div class=\"elementor-element elementor-element-f4f932c elementor-widget elementor-widget-thim-ekits-page-title\" data-id=\"f4f932c\" data-element_type=\"widget\" data-e-type=\"widget\" data-widget_type=\"thim-ekits-page-title.default\">\n\t\t\t\t<div class=\"elementor-widget-container\">\n\t\t\t\t\t\t\t<div class=\"thim-ekit-page-title\">\n\t\t<h1 class=\"page-title\">Archivos<\/h1>\t\t<\/div>\n\t\t\t\t\t\t<\/div>\n\t\t\t\t<\/div>\n\t\t\t\t<div class=\"elementor-element elementor-element-23474c7 elementor-widget elementor-widget-text-editor\" data-id=\"23474c7\" data-element_type=\"widget\" data-e-type=\"widget\" data-widget_type=\"text-editor.default\">\n\t\t\t\t\t\t\t\t\t<p>Encuentre aqu\u00ed las respuestas a las preguntas m\u00e1s comunes sobre viajes.<\/p>\t\t\t\t\t\t\t\t<\/div>\n\t\t\t\t<\/div>\n\t\t\t\t\t<\/div>\n\t\t\t\t<\/div>\n\t\t<div class=\"elementor-element elementor-element-6c5c061 e-flex e-con-boxed e-con e-parent\" data-id=\"6c5c061\" data-element_type=\"container\" data-e-type=\"container\">\n\t\t\t\t\t<div class=\"e-con-inner\">\n\t\t<div class=\"elementor-element elementor-element-3baf02f e-con-full e-flex e-con e-child\" data-id=\"3baf02f\" data-element_type=\"container\" data-e-type=\"container\">\n\t\t\t\t<div class=\"elementor-element elementor-element-68ca3b8 elementor-widget elementor-widget-thim-ekits-accordion\" data-id=\"68ca3b8\" data-element_type=\"widget\" data-e-type=\"widget\" data-widget_type=\"thim-ekits-accordion.default\">\n\t\t\t\t<div class=\"elementor-widget-container\">\n\t\t\t\t\t\n\t\t<div id=\"thim-accordions-68ca3b8\" class=\"thim-ekit-tablist\">\n\t\t\t<div class=\"thim-accordion-sections\" role=\"tablist\">\n\t\t\t\t\n\t\t\t\t\t<div class=\"accordion-section\">\n\t\t\t\t\t\t<div class=\"accordion-title\" aria-selected=\"true\" role=\"tab\" tabindex=\"0\" aria-controls=\"item-acc-68ca3b8-1\">\n\t\t\t\t\t\t\t\u00bfC\u00f3mo reservo una visita guiada?\t\t\t\t\t\t\t\t<span class=\"accordion-icon\">\n\t\t\t\t\t\t\t\t\t<span\n\t\t\t\t\t\t\t\t\t\tclass=\"accordion-icon-closed\"><\/span>\n\t\t\t\t\t\t\t\t\t<span\n\t\t\t\t\t\t\t\t\t\tclass=\"accordion-icon-opened\"><\/span>\n\t\t\t\t\t\t\t\t<\/span>\n\t\t\t\t\t\t\t\t\t\t\t\t\t<\/div>\n\n\t\t\t\t\t\t<div class=\"accordion-content\" id=\"item-acc-68ca3b8-1\"\n\t\t\t\t\t\t\t role=\"tabpanel\"\n\t\t\t\t\t\t\t aria-labelledby=\"item-acc-68ca3b8-1\"\n\t\t\t\t\t\t\t tabindex=\"0\" >\n\t\t\t\t\t\t\t<p>En nuestro sitio web y a trav\u00e9s de la funci\u00f3n de b\u00fasqueda podr\u00e1s ver todos los tours que ofrecemos. Puedes pagar en l\u00ednea con tarjeta de cr\u00e9dito o, si prefieres el contacto personal y quieres hablar con alguien de nuestro equipo, ll\u00e1manos o env\u00edanos un mensaje por WhatsApp y te reservaremos tu viaje. Tambi\u00e9n puedes venir a nuestra oficina en Laureles (Calle 42#68-36) para reservar en persona y pagar en efectivo.<\/p>\t\t\t\t\t\t<\/div>\n\t\t\t\t\t<\/div>\n\n\t\t\t\t\n\t\t\t\t\t<div class=\"accordion-section\">\n\t\t\t\t\t\t<div class=\"accordion-title\" aria-selected=\"false\" role=\"tab\" tabindex=\"-1\" aria-controls=\"item-acc-68ca3b8-2\">\n\t\t\t\t\t\t\t\u00bfD\u00f3nde est\u00e1 la oficina de Ultra Tours Medell\u00edn?\t\t\t\t\t\t\t\t<span class=\"accordion-icon\">\n\t\t\t\t\t\t\t\t\t<span\n\t\t\t\t\t\t\t\t\t\tclass=\"accordion-icon-closed\"><\/span>\n\t\t\t\t\t\t\t\t\t<span\n\t\t\t\t\t\t\t\t\t\tclass=\"accordion-icon-opened\"><\/span>\n\t\t\t\t\t\t\t\t<\/span>\n\t\t\t\t\t\t\t\t\t\t\t\t\t<\/div>\n\n\t\t\t\t\t\t<div class=\"accordion-content\" id=\"item-acc-68ca3b8-2\"\n\t\t\t\t\t\t\t role=\"tabpanel\"\n\t\t\t\t\t\t\t aria-labelledby=\"item-acc-68ca3b8-2\"\n\t\t\t\t\t\t\t tabindex=\"-1\" hidden>\n\t\t\t\t\t\t\t<p>\u00a0Nuestra oficina se encuentra en Laureles (Calle 42#68-36) y est\u00e1 abierta todos los d\u00edas del a\u00f1o de 8:00 a. m. a 8:00 p. m.<\/p>\t\t\t\t\t\t<\/div>\n\t\t\t\t\t<\/div>\n\n\t\t\t\t\n\t\t\t\t\t<div class=\"accordion-section\">\n\t\t\t\t\t\t<div class=\"accordion-title\" aria-selected=\"false\" role=\"tab\" tabindex=\"-1\" aria-controls=\"item-acc-68ca3b8-3\">\n\t\t\t\t\t\t\t\u00bfDesde hace cu\u00e1ntos a\u00f1os organiza Ultra Tours mEDELLIN excursiones en Medell\u00edn?\t\t\t\t\t\t\t\t<span class=\"accordion-icon\">\n\t\t\t\t\t\t\t\t\t<span\n\t\t\t\t\t\t\t\t\t\tclass=\"accordion-icon-closed\"><\/span>\n\t\t\t\t\t\t\t\t\t<span\n\t\t\t\t\t\t\t\t\t\tclass=\"accordion-icon-opened\"><\/span>\n\t\t\t\t\t\t\t\t<\/span>\n\t\t\t\t\t\t\t\t\t\t\t\t\t<\/div>\n\n\t\t\t\t\t\t<div class=\"accordion-content\" id=\"item-acc-68ca3b8-3\"\n\t\t\t\t\t\t\t role=\"tabpanel\"\n\t\t\t\t\t\t\t aria-labelledby=\"item-acc-68ca3b8-3\"\n\t\t\t\t\t\t\t tabindex=\"-1\" hidden>\n\t\t\t\t\t\t\t<p>\u00a1Llevamos 9 a\u00f1os organizando excursiones incre\u00edbles desde 2017!<\/p>\t\t\t\t\t\t<\/div>\n\t\t\t\t\t<\/div>\n\n\t\t\t\t\t\t\t<\/div>\n\t\t\t\t\t<\/div>\n\t\t\t\t\t<\/div>\n\t\t\t\t<\/div>\n\t\t\t\t<\/div>\n\t\t<div class=\"elementor-element elementor-element-deca7d1 e-con-full e-flex e-con e-child\" data-id=\"deca7d1\" data-element_type=\"container\" data-e-type=\"container\">\n\t\t\t\t<div class=\"elementor-element elementor-element-48e50a1 elementor-widget elementor-widget-thim-ekits-accordion\" data-id=\"48e50a1\" data-element_type=\"widget\" data-e-type=\"widget\" data-widget_type=\"thim-ekits-accordion.default\">\n\t\t\t\t<div class=\"elementor-widget-container\">\n\t\t\t\t\t\n\t\t<div id=\"thim-accordions-48e50a1\" class=\"thim-ekit-tablist\">\n\t\t\t<div class=\"thim-accordion-sections\" role=\"tablist\">\n\t\t\t\t\n\t\t\t\t\t<div class=\"accordion-section\">\n\t\t\t\t\t\t<div class=\"accordion-title\" aria-selected=\"true\" role=\"tab\" tabindex=\"0\" aria-controls=\"item-acc-48e50a1-1\">\n\t\t\t\t\t\t\t\u00bfPuedo reservar en l\u00ednea?\t\t\t\t\t\t\t\t<span class=\"accordion-icon\">\n\t\t\t\t\t\t\t\t\t<span\n\t\t\t\t\t\t\t\t\t\tclass=\"accordion-icon-closed\"><\/span>\n\t\t\t\t\t\t\t\t\t<span\n\t\t\t\t\t\t\t\t\t\tclass=\"accordion-icon-opened\"><\/span>\n\t\t\t\t\t\t\t\t<\/span>\n\t\t\t\t\t\t\t\t\t\t\t\t\t<\/div>\n\n\t\t\t\t\t\t<div class=\"accordion-content\" id=\"item-acc-48e50a1-1\"\n\t\t\t\t\t\t\t role=\"tabpanel\"\n\t\t\t\t\t\t\t aria-labelledby=\"item-acc-48e50a1-1\"\n\t\t\t\t\t\t\t tabindex=\"0\" >\n\t\t\t\t\t\t\t<p>\u00a1Por supuesto que s\u00ed! Todas nuestras excursiones se pueden reservar en l\u00ednea; solo tienes que seleccionar las fechas que prefieras y listo. Si lo prefieres, tambi\u00e9n puedes reservar por tel\u00e9fono.<\/p>\t\t\t\t\t\t<\/div>\n\t\t\t\t\t<\/div>\n\n\t\t\t\t\n\t\t\t\t\t<div class=\"accordion-section\">\n\t\t\t\t\t\t<div class=\"accordion-title\" aria-selected=\"false\" role=\"tab\" tabindex=\"-1\" aria-controls=\"item-acc-48e50a1-2\">\n\t\t\t\t\t\t\t\u00bfCu\u00e1les son las formas de pago?\t\t\t\t\t\t\t\t<span class=\"accordion-icon\">\n\t\t\t\t\t\t\t\t\t<span\n\t\t\t\t\t\t\t\t\t\tclass=\"accordion-icon-closed\"><\/span>\n\t\t\t\t\t\t\t\t\t<span\n\t\t\t\t\t\t\t\t\t\tclass=\"accordion-icon-opened\"><\/span>\n\t\t\t\t\t\t\t\t<\/span>\n\t\t\t\t\t\t\t\t\t\t\t\t\t<\/div>\n\n\t\t\t\t\t\t<div class=\"accordion-content\" id=\"item-acc-48e50a1-2\"\n\t\t\t\t\t\t\t role=\"tabpanel\"\n\t\t\t\t\t\t\t aria-labelledby=\"item-acc-48e50a1-2\"\n\t\t\t\t\t\t\t tabindex=\"-1\" hidden>\n\t\t\t\t\t\t\t<p>Puedes pagar a trav\u00e9s de la p\u00e1gina web con cualquier tarjeta internacional o tambi\u00e9n puedes pagar en efectivo en pesos colombianos (COP) en nuestra oficina<\/p>\t\t\t\t\t\t<\/div>\n\t\t\t\t\t<\/div>\n\n\t\t\t\t\n\t\t\t\t\t<div class=\"accordion-section\">\n\t\t\t\t\t\t<div class=\"accordion-title\" aria-selected=\"false\" role=\"tab\" tabindex=\"-1\" aria-controls=\"item-acc-48e50a1-3\">\n\t\t\t\t\t\t\t\u00bfPor qu\u00e9 elegir Ultra Tours Medell\u00edn?\t\t\t\t\t\t\t\t<span class=\"accordion-icon\">\n\t\t\t\t\t\t\t\t\t<span\n\t\t\t\t\t\t\t\t\t\tclass=\"accordion-icon-closed\"><\/span>\n\t\t\t\t\t\t\t\t\t<span\n\t\t\t\t\t\t\t\t\t\tclass=\"accordion-icon-opened\"><\/span>\n\t\t\t\t\t\t\t\t<\/span>\n\t\t\t\t\t\t\t\t\t\t\t\t\t<\/div>\n\n\t\t\t\t\t\t<div class=\"accordion-content\" id=\"item-acc-48e50a1-3\"\n\t\t\t\t\t\t\t role=\"tabpanel\"\n\t\t\t\t\t\t\t aria-labelledby=\"item-acc-48e50a1-3\"\n\t\t\t\t\t\t\t tabindex=\"-1\" hidden>\n\t\t\t\t\t\t\t<p>Nuestro objetivo como marca es ofrecerte los mejores tours de la m\u00e1s alta calidad, a precios justos y competitivos, para convertirnos en tu mejor amigo y aliado durante tus vacaciones en Medell\u00edn. Queremos ganarnos tu confianza y tu sinceridad al ayudarte a disfrutar de tu viaje.<\/p>\t\t\t\t\t\t<\/div>\n\t\t\t\t\t<\/div>\n\n\t\t\t\t\t\t\t<\/div>\n\t\t\t\t\t<\/div>\n\t\t\t\t\t<\/div>\n\t\t\t\t<\/div>\n\t\t\t\t<\/div>\n\t\t\t\t\t<\/div>\n\t\t\t\t<\/div>\n\t\t\t\t<\/div>","protected":false},"excerpt":{"rendered":"<p>Inicio<br \/>\nArchives<br \/>\nEncuentre aqu\u00ed las respuestas a las preguntas m\u00e1s comunes sobre viajes.<br \/>\n\t\t\t\t\t\t\t\u00bfQu\u00e9 seguro de viaje debo contratar para estar protegido frente a reclamaciones relacionadas con la salud?<\/p>\n<p>\nIf you <\/p>","protected":false},"author":1,"featured_media":0,"parent":0,"menu_order":0,"comment_status":"closed","ping_status":"closed","template":"elementor_header_footer","meta":{"footnotes":""},"class_list":["post-11201","page","type-page","status-publish","hentry"],"aioseo_notices":[],"_links":{"self":[{"href":"https:\/\/ultratoursmedellin.com\/es\/wp-json\/wp\/v2\/pages\/11201","targetHints":{"allow":["GET"]}}],"collection":[{"href":"https:\/\/ultratoursmedellin.com\/es\/wp-json\/wp\/v2\/pages"}],"about":[{"href":"https:\/\/ultratoursmedellin.com\/es\/wp-json\/wp\/v2\/types\/page"}],"author":[{"embeddable":true,"href":"https:\/\/ultratoursmedellin.com\/es\/wp-json\/wp\/v2\/users\/1"}],"replies":[{"embeddable":true,"href":"https:\/\/ultratoursmedellin.com\/es\/wp-json\/wp\/v2\/comments?post=11201"}],"version-history":[{"count":4,"href":"https:\/\/ultratoursmedellin.com\/es\/wp-json\/wp\/v2\/pages\/11201\/revisions"}],"predecessor-version":[{"id":18547,"href":"https:\/\/ultratoursmedellin.com\/es\/wp-json\/wp\/v2\/pages\/11201\/revisions\/18547"}],"wp:attachment":[{"href":"https:\/\/ultratoursmedellin.com\/es\/wp-json\/wp\/v2\/media?parent=11201"}],"curies":[{"name":"wp","href":"https:\/\/api.w.org\/{rel}","templated":true}]}}