{"id":11267,"date":"2024-09-19T08:54:47","date_gmt":"2024-09-19T04:54:47","guid":{"rendered":"https:\/\/travelwp.physcode.com\/demo-adventure-tour\/?page_id=11267"},"modified":"2026-02-16T09:59:33","modified_gmt":"2026-02-16T14:59:33","slug":"terms-and-conditions","status":"publish","type":"page","link":"https:\/\/ultratoursmedellin.com\/es\/terms-and-conditions\/","title":{"rendered":"T\u00e9rminos y condiciones"},"content":{"rendered":"<div data-elementor-type=\"wp-page\" data-elementor-id=\"11267\" class=\"elementor elementor-11267\" data-elementor-post-type=\"page\">\n\t\t\t\t<div class=\"elementor-element elementor-element-053fc48 e-flex e-con-boxed e-con e-parent\" data-id=\"053fc48\" data-element_type=\"container\" data-e-type=\"container\">\n\t\t\t\t\t<div class=\"e-con-inner\">\n\t\t<div class=\"elementor-element elementor-element-73a6bc0 e-con-full e-flex e-con e-child\" data-id=\"73a6bc0\" data-element_type=\"container\" data-e-type=\"container\">\n\t\t<div class=\"elementor-element elementor-element-897eb31 e-con-full e-flex e-con e-child\" data-id=\"897eb31\" data-element_type=\"container\" data-e-type=\"container\" data-settings=\"{&quot;background_background&quot;:&quot;classic&quot;}\">\n\t\t\t\t<div class=\"elementor-element elementor-element-d677341 elementor-widget elementor-widget-thim-ekits-breadcrumb\" data-id=\"d677341\" data-element_type=\"widget\" data-e-type=\"widget\" data-widget_type=\"thim-ekits-breadcrumb.default\">\n\t\t\t\t<div class=\"elementor-widget-container\">\n\t\t\t\t\t\n\t\t\t<div class=\"thim-ekit-breadcrumb\">\n\n\t\t\t\tInicio\n\t\t\t<\/div>\n\n\t\t\t\t\t\t\t<\/div>\n\t\t\t\t<\/div>\n\t\t\t\t<div class=\"elementor-element elementor-element-fe323d1 elementor-widget elementor-widget-thim-ekits-page-title\" data-id=\"fe323d1\" data-element_type=\"widget\" data-e-type=\"widget\" data-widget_type=\"thim-ekits-page-title.default\">\n\t\t\t\t<div class=\"elementor-widget-container\">\n\t\t\t\t\t\t\t<div class=\"thim-ekit-page-title\">\n\t\t<h1 class=\"page-title\">Archivos<\/h1>\t\t<\/div>\n\t\t\t\t\t\t<\/div>\n\t\t\t\t<\/div>\n\t\t\t\t<div class=\"elementor-element elementor-element-68a0ff8 elementor-widget elementor-widget-text-editor\" data-id=\"68a0ff8\" data-element_type=\"widget\" data-e-type=\"widget\" data-widget_type=\"text-editor.default\">\n\t\t\t\t\t\t\t\t\t<p>P\u00f3ngase en contacto con nosotros para cualquier consulta o asistencia: \u00a1estamos aqu\u00ed para ayudarle!<\/p>\t\t\t\t\t\t\t\t<\/div>\n\t\t\t\t<\/div>\n\t\t\t\t<\/div>\n\t\t\t\t\t<\/div>\n\t\t\t\t<\/div>\n\t\t<div class=\"elementor-element elementor-element-647f214 e-flex e-con-boxed e-con e-parent\" data-id=\"647f214\" data-element_type=\"container\" data-e-type=\"container\">\n\t\t\t\t\t<div class=\"e-con-inner\">\n\t\t\t\t<div class=\"elementor-element elementor-element-96f676a elementor-widget elementor-widget-text-editor\" data-id=\"96f676a\" data-element_type=\"widget\" data-e-type=\"widget\" data-widget_type=\"text-editor.default\">\n\t\t\t\t\t\t\t\t\t<p>Bienvenido a Ultra Tours Medell\u00edn. Al reservar un tour o utilizar nuestro sitio web, usted acepta los siguientes T\u00e9rminos y Condiciones. L\u00e9alos atentamente antes de hacer una reserva.<\/p><hr data-start=\"583\" data-end=\"586\" \/><h4 data-start=\"588\" data-end=\"615\"><em><strong><em>1. Reserva y pago<\/em><\/strong><\/em><\/h4><p>Todas las reservaciones deben realizarse a trav\u00e9s de nuestro sitio web, socios autorizados o directamente con nuestro equipo. Para confirmar su reservaci\u00f3n, debe completar el pago total o el dep\u00f3sito requerido. Los precios se indican en pesos colombianos (COP) y pueden aparecer en USD a modo de referencia. Los tipos de cambio pueden variar seg\u00fan su banco o proveedor de pagos.<\/p><hr data-start=\"956\" data-end=\"959\" \/><h4 data-start=\"961\" data-end=\"987\"><em><strong>2. Modificaciones del tour<\/strong><\/em><\/h4><p>Ultra Tours Medell\u00edn se reserva el derecho de modificar los itinerarios debido a:<\/p><p>Condiciones meteorol\u00f3gicas<\/p><p>Preocupaciones por la seguridad<\/p><p>Requisitos operativos<\/p><p>Regulaciones gubernamentales<\/p><p>Los cambios siempre dar\u00e1n prioridad a la seguridad y comodidad de nuestros hu\u00e9spedes.<\/p><hr data-start=\"1230\" data-end=\"1233\" \/><h4 data-start=\"1235\" data-end=\"1269\"><em><strong>3. Responsabilidad de los participantes<\/strong><\/em><\/h4><p>Al reservar un tour, usted confirma que:<\/p><p>\u221a Est\u00e1s en buena forma f\u00edsica y mental para participar.<\/p><p>\u221a Entiendes la naturaleza de la actividad.<\/p><p>\u221a Seguir\u00e1s todas las instrucciones dadas por los gu\u00edas.<\/p><p>\u221a Los hu\u00e9spedes son responsables de llegar puntuales al punto de encuentro.<\/p><hr data-start=\"1531\" data-end=\"1534\" \/><h4 data-start=\"1536\" data-end=\"1561\"><em><strong>4. Salud y seguridad<\/strong><\/em><\/h4><p>Algunas excursiones implican actividad f\u00edsica (por ejemplo, senderismo, parapente, paseos en cuatrimoto, ciclismo). Los participantes reconocen los riesgos inherentes asociados con las actividades al aire libre y de aventura. Ultra Tours Medell\u00edn y sus socios no se hacen responsables de las lesiones resultantes de:<\/p><p>\u221a No seguir las instrucciones.<\/p><p>\u221a Negligencia personal<\/p><p>\u221a Afecciones m\u00e9dicas no reveladas<\/p><p>\u221a Los hu\u00e9spedes deben informarnos con anticipaci\u00f3n sobre cualquier condici\u00f3n m\u00e9dica que pueda afectar su participaci\u00f3n.<\/p><hr data-start=\"2021\" data-end=\"2024\" \/><h4 data-start=\"2026\" data-end=\"2054\"><em><strong>5. Limitaci\u00f3n de responsabilidad<\/strong><\/em><\/h4><p>Ultra Tours Medell\u00edn act\u00faa como organizador y coordinador de tours. No nos hacemos responsables de:<\/p><p>\u221a P\u00e9rdida o robo de objetos personales.<\/p><p>\u221a Retrasos causados por el tr\u00e1fico o circunstancias externas.<\/p><p>\u221a Casos de fuerza mayor (desastres naturales, huelgas, disturbios pol\u00edticos, etc.)<\/p><p>\u221a La participaci\u00f3n en las excursiones es bajo su propia responsabilidad.<\/p><hr data-start=\"2369\" data-end=\"2372\" \/><h4 data-start=\"2374\" data-end=\"2407\"><em><strong>6. Cancelaciones y reembolsos<\/strong><\/em><\/h4><p>Todas las cancelaciones y reembolsos est\u00e1n sujetos a nuestra Pol\u00edtica de cancelaci\u00f3n y reembolso.<\/p><hr data-start=\"2489\" data-end=\"2492\" \/><h4 data-start=\"2494\" data-end=\"2523\"><em><strong>7. Propiedad intelectual<\/strong><\/em><\/h4><p>Todo el contenido de este sitio web, incluyendo im\u00e1genes, texto, marca y dise\u00f1o, es propiedad de Ultra Tours Medell\u00edn y no puede ser reproducido sin permiso.<\/p><hr data-start=\"2687\" data-end=\"2690\" \/><h4 data-start=\"2692\" data-end=\"2720\"><em><strong>8. Servicios de terceros<\/strong><\/em><\/h4><p>Algunos tours pueden incluir servicios prestados por terceros (transporte, pilotos, propietarios de granjas, etc.). Al realizar la reserva, usted se compromete a cumplir con sus normas de seguridad y pol\u00edticas operativas.<\/p><hr data-start=\"2919\" data-end=\"2922\" \/><h4 data-start=\"2924\" data-end=\"2945\"><em><strong>9. Legislaci\u00f3n aplicable<\/strong><\/em><\/h4><p>Estos T\u00e9rminos y Condiciones se rigen por las leyes de la Rep\u00fablica de Colombia. Cualquier controversia se resolver\u00e1 bajo la jurisdicci\u00f3n colombiana.<\/p><hr data-start=\"3091\" data-end=\"3094\" \/><h4 data-start=\"3096\" data-end=\"3124\"><em><strong>10. Informaci\u00f3n de contacto<\/strong><\/em><\/h4><p>Si tiene alguna pregunta sobre estos T\u00e9rminos y condiciones, p\u00f3ngase en contacto con nosotros:<\/p><p><br data-start=\"3230\" data-end=\"3233\" \/>\u221a Correo electr\u00f3nico: <a href=\"\/es\/ultratoursmedellin@gmail.com\/\">ultratoursmedellin@gmail.com<\/a><br data-start=\"3254\" data-end=\"3257\" \/>\u221a Tel\u00e9fono\/WhatsApp: <a href=\"http:\/\/+57 319 7742973\" data-wplink-url-error=\"true\">+57 319 7742973<\/a><br data-start=\"3288\" data-end=\"3291\" \/>Medell\u00edn, Colombia<\/p><hr data-start=\"3313\" data-end=\"3316\" \/>\t\t\t\t\t\t\t\t<\/div>\n\t\t\t\t\t<\/div>\n\t\t\t\t<\/div>\n\t\t\t\t<\/div>","protected":false},"excerpt":{"rendered":"<p>Inicio<br \/>\nArchivos<br \/>\nP\u00f3ngase en contacto con nosotros para cualquier consulta o asistencia: \u00a1estamos aqu\u00ed para ayudarle!<br \/>\nWelcome to Ultra Tours Medell\u00edn. By booking a tour or using our website, you agree to <\/p>","protected":false},"author":1,"featured_media":0,"parent":0,"menu_order":0,"comment_status":"closed","ping_status":"closed","template":"elementor_header_footer","meta":{"footnotes":""},"class_list":["post-11267","page","type-page","status-publish","hentry"],"aioseo_notices":[],"_links":{"self":[{"href":"https:\/\/ultratoursmedellin.com\/es\/wp-json\/wp\/v2\/pages\/11267","targetHints":{"allow":["GET"]}}],"collection":[{"href":"https:\/\/ultratoursmedellin.com\/es\/wp-json\/wp\/v2\/pages"}],"about":[{"href":"https:\/\/ultratoursmedellin.com\/es\/wp-json\/wp\/v2\/types\/page"}],"author":[{"embeddable":true,"href":"https:\/\/ultratoursmedellin.com\/es\/wp-json\/wp\/v2\/users\/1"}],"replies":[{"embeddable":true,"href":"https:\/\/ultratoursmedellin.com\/es\/wp-json\/wp\/v2\/comments?post=11267"}],"version-history":[{"count":27,"href":"https:\/\/ultratoursmedellin.com\/es\/wp-json\/wp\/v2\/pages\/11267\/revisions"}],"predecessor-version":[{"id":18340,"href":"https:\/\/ultratoursmedellin.com\/es\/wp-json\/wp\/v2\/pages\/11267\/revisions\/18340"}],"wp:attachment":[{"href":"https:\/\/ultratoursmedellin.com\/es\/wp-json\/wp\/v2\/media?parent=11267"}],"curies":[{"name":"wp","href":"https:\/\/api.w.org\/{rel}","templated":true}]}}