{"id":166,"date":"2016-10-05T02:12:01","date_gmt":"2016-10-05T02:12:01","guid":{"rendered":"http:\/\/travelwp.physcode.com\/maindemo\/?page_id=166"},"modified":"2026-02-16T09:45:16","modified_gmt":"2026-02-16T14:45:16","slug":"about-us","status":"publish","type":"page","link":"https:\/\/ultratoursmedellin.com\/es\/about-us\/","title":{"rendered":"Qui\u00e9nes somos"},"content":{"rendered":"<div data-elementor-type=\"wp-page\" data-elementor-id=\"166\" class=\"elementor elementor-166\" data-elementor-post-type=\"page\">\n\t\t\t\t<div class=\"elementor-element elementor-element-d7c4e60 e-flex e-con-boxed e-con e-parent\" data-id=\"d7c4e60\" data-element_type=\"container\" data-e-type=\"container\">\n\t\t\t\t\t<div class=\"e-con-inner\">\n\t\t<div class=\"elementor-element elementor-element-76177db e-con-full e-flex e-con e-child\" data-id=\"76177db\" data-element_type=\"container\" data-e-type=\"container\" data-settings=\"{&quot;background_background&quot;:&quot;classic&quot;}\">\n\t\t\t\t<div class=\"elementor-element elementor-element-5fdd5ff elementor-widget elementor-widget-thim-ekits-breadcrumb\" data-id=\"5fdd5ff\" data-element_type=\"widget\" data-e-type=\"widget\" data-widget_type=\"thim-ekits-breadcrumb.default\">\n\t\t\t\t<div class=\"elementor-widget-container\">\n\t\t\t\t\t\n\t\t\t<div class=\"thim-ekit-breadcrumb\">\n\n\t\t\t\tInicio\n\t\t\t<\/div>\n\n\t\t\t\t\t\t\t<\/div>\n\t\t\t\t<\/div>\n\t\t\t\t<div class=\"elementor-element elementor-element-2b90980 elementor-widget elementor-widget-thim-ekits-page-title\" data-id=\"2b90980\" data-element_type=\"widget\" data-e-type=\"widget\" data-widget_type=\"thim-ekits-page-title.default\">\n\t\t\t\t<div class=\"elementor-widget-container\">\n\t\t\t\t\t\t\t<div class=\"thim-ekit-page-title\">\n\t\t<h1 class=\"page-title\">Archivos<\/h1>\t\t<\/div>\n\t\t\t\t\t\t<\/div>\n\t\t\t\t<\/div>\n\t\t\t\t<div class=\"elementor-element elementor-element-8cc0e1f elementor-widget elementor-widget-text-editor\" data-id=\"8cc0e1f\" data-element_type=\"widget\" data-e-type=\"widget\" data-widget_type=\"text-editor.default\">\n\t\t\t\t\t\t\t\t\t<p>\u00a1Exploremos lo que hacemos!<\/p>\t\t\t\t\t\t\t\t<\/div>\n\t\t\t\t<\/div>\n\t\t\t\t\t<\/div>\n\t\t\t\t<\/div>\n\t\t<div class=\"elementor-element elementor-element-b5b44ae e-flex e-con-boxed e-con e-parent\" data-id=\"b5b44ae\" data-element_type=\"container\" data-e-type=\"container\">\n\t\t\t\t\t<div class=\"e-con-inner\">\n\t\t<div class=\"elementor-element elementor-element-5fc918f e-con-full e-flex e-con e-child\" data-id=\"5fc918f\" data-element_type=\"container\" data-e-type=\"container\">\n\t\t\t\t<div class=\"elementor-element elementor-element-307c8d4 elementor-widget elementor-widget-thim-ekits-heading\" data-id=\"307c8d4\" data-element_type=\"widget\" data-e-type=\"widget\" data-widget_type=\"thim-ekits-heading.default\">\n\t\t\t\t<div class=\"elementor-widget-container\">\n\t\t\t\t\t<div class=\"thim-ekits-heading thim-ekit__heading\"><h2 class=\"title\">Ofrecerte la mejor experiencia de viaje.<\/h2>\t\t\t<div class='desc'>\n\t\t\t\t<p>Entendemos que cada viaje tiene necesidades \u00fanicas. Por lo tanto, ofrecemos paquetes de viaje personalizados dise\u00f1ados seg\u00fan sus preferencias y presupuesto.<\/p>\t\t\t<\/div>\n\t\t<\/div>\t\t\t\t<\/div>\n\t\t\t\t<\/div>\n\t\t<div class=\"elementor-element elementor-element-ffc8d50 e-con-full e-flex e-con e-child\" data-id=\"ffc8d50\" data-element_type=\"container\" data-e-type=\"container\">\n\t\t\t\t<div class=\"elementor-element elementor-element-bde90f5 elementor-widget elementor-widget-text-editor\" data-id=\"bde90f5\" data-element_type=\"widget\" data-e-type=\"widget\" data-widget_type=\"text-editor.default\">\n\t\t\t\t\t\t\t\t\t<p data-start=\"276\" data-end=\"415\">En Ultra Tours Medell\u00edn, creemos que viajar es m\u00e1s que hacer turismo: se trata de conectar, comprender y vivir experiencias inolvidables.<\/p><p data-start=\"417\" data-end=\"678\">Fundada por gu\u00edas locales apasionados con a\u00f1os de experiencia en turismo, nuestra misi\u00f3n es sencilla: mostrarte la Medell\u00edn aut\u00e9ntica. No solo los lugares emblem\u00e1ticos, sino tambi\u00e9n las historias. No solo las vistas, sino tambi\u00e9n la transformaci\u00f3n. No solo la aventura, sino tambi\u00e9n la cultura que hay detr\u00e1s.<\/p><p data-start=\"680\" data-end=\"1052\">A lo largo de los a\u00f1os, hemos recibido a miles de viajeros de todo el mundo, ofreci\u00e9ndoles experiencias seguras, bien organizadas y significativas en Medell\u00edn y Antioquia. Desde sobrevolar la ciudad en parapente hasta recorrer la impactante historia de la Comuna 13, cada tour est\u00e1 dise\u00f1ado con profesionalismo, autenticidad y respeto por la comunidad local.<\/p><p data-start=\"1054\" data-end=\"1356\">Trabajamos con operadores certificados, gu\u00edas experimentados y socios de confianza para garantizar que cada actividad cumpla con altos est\u00e1ndares de seguridad y servicio. Ya sea que busques adrenalina, conocimientos culturales, naturaleza o una experiencia privada y personalizada, nuestro equipo se compromete a ofrecerte calidad en cada paso.<\/p><p data-start=\"1358\" data-end=\"1487\">Medell\u00edn es una ciudad resiliente e innovadora. Estamos orgullosos de formar parte de su historia, y a\u00fan m\u00e1s orgullosos de compartirla con ustedes.<\/p><p data-start=\"1489\" data-end=\"1533\">Gracias por confiar en Ultra Tours Medell\u00edn.<\/p><p data-start=\"1535\" data-end=\"1568\">Esperamos darle la bienvenida.<\/p>\t\t\t\t\t\t\t\t<\/div>\n\t\t\t\t<\/div>\n\t\t\t\t<\/div>\n\t\t<div class=\"elementor-element elementor-element-905eccf e-con-full e-flex e-con e-child\" data-id=\"905eccf\" data-element_type=\"container\" data-e-type=\"container\">\n\t\t\t\t<div class=\"elementor-element elementor-element-9a8a615 elementor-widget elementor-widget-image\" data-id=\"9a8a615\" data-element_type=\"widget\" data-e-type=\"widget\" data-widget_type=\"image.default\">\n\t\t\t\t\t\t\t\t\t\t\t\t\t\t\t<img fetchpriority=\"high\" decoding=\"async\" width=\"640\" height=\"640\" src=\"https:\/\/ultratoursmedellin.com\/wp-content\/uploads\/2024\/08\/0254a111-0c37-4c95-92e3-61ab819abe6e-1-1024x1024.jpg\" class=\"attachment-large size-large wp-image-17081\" alt=\"\" srcset=\"https:\/\/ultratoursmedellin.com\/wp-content\/uploads\/2024\/08\/0254a111-0c37-4c95-92e3-61ab819abe6e-1-1024x1024.jpg 1024w, https:\/\/ultratoursmedellin.com\/wp-content\/uploads\/2024\/08\/0254a111-0c37-4c95-92e3-61ab819abe6e-1-320x320.jpg 320w, https:\/\/ultratoursmedellin.com\/wp-content\/uploads\/2024\/08\/0254a111-0c37-4c95-92e3-61ab819abe6e-1-100x100.jpg 100w, https:\/\/ultratoursmedellin.com\/wp-content\/uploads\/2024\/08\/0254a111-0c37-4c95-92e3-61ab819abe6e-1-150x150.jpg 150w\" sizes=\"(max-width: 640px) 100vw, 640px\" \/>\t\t\t\t\t\t\t\t\t\t\t\t\t\t\t<\/div>\n\t\t\t\t<\/div>\n\t\t\t\t\t<\/div>\n\t\t\t\t<\/div>\n\t\t<div class=\"elementor-element elementor-element-4689a2e e-flex e-con-boxed e-con e-parent\" data-id=\"4689a2e\" data-element_type=\"container\" data-e-type=\"container\" data-settings=\"{&quot;background_background&quot;:&quot;classic&quot;}\">\n\t\t\t\t\t<div class=\"e-con-inner\">\n\t\t\t\t<div class=\"elementor-element elementor-element-635d3b0 elementor-widget__width-initial elementor-widget elementor-widget-thim-ekits-heading\" data-id=\"635d3b0\" data-element_type=\"widget\" data-e-type=\"widget\" data-widget_type=\"thim-ekits-heading.default\">\n\t\t\t\t<div class=\"elementor-widget-container\">\n\t\t\t\t\t<div class=\"thim-ekits-heading thim-ekit__heading\"><h2 class=\"title\">Pong\u00e1monos en contacto y hablemos de tus sue\u00f1os de viaje.<\/h2>\t\t\t<div class='desc'>\n\t\t\t\t<p>Cu\u00e9ntanos cu\u00e1les son tus sue\u00f1os de viaje para este a\u00f1o y te ayudaremos a hacerlos realidad.<\/p>\t\t\t<\/div>\n\t\t<\/div>\t\t\t\t<\/div>\n\t\t\t\t<\/div>\n\t\t\t\t<div class=\"elementor-element elementor-element-995ee80 elementor-widget__width-initial elementor-widget elementor-widget-thim-ekits-contact-form-7\" data-id=\"995ee80\" data-element_type=\"widget\" data-e-type=\"widget\" data-widget_type=\"thim-ekits-contact-form-7.default\">\n\t\t\t\t<div class=\"elementor-widget-container\">\n\t\t\t\t\t\t\t\t<div class=\"thim-ekit-wpcf7\">\n\t\t\t\t\n<div class=\"wpcf7 no-js\" id=\"wpcf7-f2988-o1\" lang=\"en-US\" dir=\"ltr\" data-wpcf7-id=\"2988\">\n<div class=\"screen-reader-response\"><p role=\"status\" aria-live=\"polite\" aria-atomic=\"true\"><\/p> <ul><\/ul><\/div>\n<form action=\"\/es\/wp-json\/wp\/v2\/pages\/166#wpcf7-f2988-o1\" method=\"post\" class=\"wpcf7-form init\" aria-label=\"Contact form\" novalidate=\"novalidate\" data-status=\"init\" data-trp-original-action=\"\/es\/wp-json\/wp\/v2\/pages\/166#wpcf7-f2988-o1\">\n<fieldset class=\"hidden-fields-container\"><input type=\"hidden\" name=\"_wpcf7\" value=\"2988\" \/><input type=\"hidden\" name=\"_wpcf7_version\" value=\"6.1.5\" \/><input type=\"hidden\" name=\"_wpcf7_locale\" value=\"en_US\" \/><input type=\"hidden\" name=\"_wpcf7_unit_tag\" value=\"wpcf7-f2988-o1\" \/><input type=\"hidden\" name=\"_wpcf7_container_post\" value=\"0\" \/><input type=\"hidden\" name=\"_wpcf7_posted_data_hash\" value=\"\" \/>\n<\/fieldset>\n<div class=\"form-contact-wp\">\n\t<div class=\"field-form\">\n\t\t<p><label for=\"name-cr\">Nombre<\/label><br \/>\n<span class=\"wpcf7-form-control-wrap\" data-name=\"name-345\"><input size=\"40\" maxlength=\"400\" class=\"wpcf7-form-control wpcf7-text wpcf7-validates-as-required\" id=\"name-cr\" aria-required=\"true\" aria-invalid=\"false\" placeholder=\"Tu nombre\" value=\"\" type=\"text\" name=\"name-345\" \/><\/span>\n\t\t<\/p>\n\t<\/div>\n\t<div class=\"field-form\">\n\t\t<p><label for=\"email-cr\">Correo electr\u00f3nico<\/label><br \/>\n<span class=\"wpcf7-form-control-wrap\" data-name=\"email-567\"><input size=\"40\" maxlength=\"400\" class=\"wpcf7-form-control wpcf7-email wpcf7-validates-as-required wpcf7-text wpcf7-validates-as-email\" id=\"email-cr\" aria-required=\"true\" aria-invalid=\"false\" placeholder=\"hello@email.com\" value=\"\" type=\"email\" name=\"email-567\" \/><\/span>\n\t\t<\/p>\n\t<\/div>\n\t<div class=\"field-form\">\n\t\t<p><label for=\"textarea-cr\">\u00bfC\u00f3mo podemos ayudarle?<\/label><br \/>\n<span class=\"wpcf7-form-control-wrap\" data-name=\"textarea-886\"><textarea cols=\"40\" rows=\"10\" maxlength=\"2000\" class=\"wpcf7-form-control wpcf7-textarea wpcf7-validates-as-required\" id=\"textarea-cr\" aria-required=\"true\" aria-invalid=\"false\" placeholder=\"Cu\u00e9ntanos un poco sobre el destino de tus sue\u00f1os.\" name=\"textarea-886\"><\/textarea><\/span>\n\t\t<\/p>\n\t<\/div>\n\t<p><input class=\"wpcf7-form-control wpcf7-submit has-spinner bt-send-contact\" type=\"submit\" value=\"Enviar\" \/>\n\t<\/p>\n<\/div><div class=\"wpcf7-response-output\" aria-hidden=\"true\"><\/div>\n<input type=\"hidden\" name=\"trp-form-language\" value=\"es\"\/><\/form>\n<\/div>\n\t\t\t<\/div>\n\t\t\t\t\t\t<\/div>\n\t\t\t\t<\/div>\n\t\t\t\t\t<\/div>\n\t\t\t\t<\/div>\n\t\t\t\t<\/div>","protected":false},"excerpt":{"rendered":"<p>Inicio<br \/>\nArchivos<br \/>\n\u00a1Exploremos lo que hacemos!<br \/>\nOfrecerte la mejor experiencia de viaje.<br \/>\nWe understand that every journey has unique needs. Therefore, we offer customized travel packages designed according <\/p>","protected":false},"author":1,"featured_media":0,"parent":0,"menu_order":0,"comment_status":"closed","ping_status":"closed","template":"elementor_header_footer","meta":{"footnotes":""},"class_list":["post-166","page","type-page","status-publish","hentry"],"aioseo_notices":[],"_links":{"self":[{"href":"https:\/\/ultratoursmedellin.com\/es\/wp-json\/wp\/v2\/pages\/166","targetHints":{"allow":["GET"]}}],"collection":[{"href":"https:\/\/ultratoursmedellin.com\/es\/wp-json\/wp\/v2\/pages"}],"about":[{"href":"https:\/\/ultratoursmedellin.com\/es\/wp-json\/wp\/v2\/types\/page"}],"author":[{"embeddable":true,"href":"https:\/\/ultratoursmedellin.com\/es\/wp-json\/wp\/v2\/users\/1"}],"replies":[{"embeddable":true,"href":"https:\/\/ultratoursmedellin.com\/es\/wp-json\/wp\/v2\/comments?post=166"}],"version-history":[{"count":6,"href":"https:\/\/ultratoursmedellin.com\/es\/wp-json\/wp\/v2\/pages\/166\/revisions"}],"predecessor-version":[{"id":18314,"href":"https:\/\/ultratoursmedellin.com\/es\/wp-json\/wp\/v2\/pages\/166\/revisions\/18314"}],"wp:attachment":[{"href":"https:\/\/ultratoursmedellin.com\/es\/wp-json\/wp\/v2\/media?parent=166"}],"curies":[{"name":"wp","href":"https:\/\/api.w.org\/{rel}","templated":true}]}}