{"id":10217,"date":"2024-08-08T08:11:13","date_gmt":"2024-08-08T08:11:13","guid":{"rendered":"https:\/\/travelwp.physcode.com\/demo-adventure-tour\/?post_type=product&#038;p=10217"},"modified":"2026-03-16T14:56:59","modified_gmt":"2026-03-16T19:56:59","slug":"paraglidingexperience","status":"publish","type":"product","link":"https:\/\/ultratoursmedellin.com\/tours\/paraglidingexperience","title":{"rendered":"Experiencia en parapente"},"content":{"rendered":"<div class=\"tour-content-add-information\">\n<p><strong>SOBREVUELA MEDELL\u00cdN Y VIVE EMOCIONES QUE NUNCA HAS EXPERIMENTADO\ud83d\ude0e<\/strong><\/p>\n<p>Este tour de 4 horas te har\u00e1 vivir una de las mejores experiencias de tu vida: sobrevolar una ciudad de 5 millones de habitantes.<\/p>\n<p>Desde el aire podr\u00e1s disfrutar de las mejores vistas y tomar excelentes fotos y videos de los campos, pero tambi\u00e9n de la ciudad de Medell\u00edn<\/p>\n<\/div>\n<p><strong>Punto de encuentro<\/strong>: Te recogemos en tu hotel o Airbnb.<\/p>\n<p><strong>Incluye<\/strong><\/p>\n<ul>\n<li>Recogida en el hotel o AirBnb a las 9 o 10 de la ma\u00f1ana todos los d\u00edas.<\/li>\n<li>Vuelo de 15 minutos con piloto profesional.<\/li>\n<li>Fotos y videos FULL HD de tu vuelo con GoPro.<\/li>\n<li>Servicio semiprivado<\/li>\n<\/ul>\n<p><strong>HORARIOS DE LAS VISITAS:<\/strong><\/p>\n<ul>\n<li>10:00 a. m.<\/li>\n<\/ul>\n<p><strong>DURACI\u00d3N DEL TOUR<\/strong>: 4 horas en total<\/p>\n<p style=\"text-align: center;\"><strong>\u00a1EL TOUR M\u00c1S VENDIDO EN MEDELL\u00cdN!<\/strong><\/p>","protected":false},"excerpt":{"rendered":"<p>\nSOBREVUELA MEDELL\u00cdN Y VIVE EMOCIONES QUE NUNCA HAS EXPERIMENTADO\ud83d\ude0e<br \/>\nThis 4-hour tour will make you feel one of the best experiences you can have in your life, which <\/p>","protected":false},"featured_media":18106,"comment_status":"open","ping_status":"closed","template":"","meta":[],"product_brand":[],"product_cat":[],"product_tag":[],"class_list":{"0":"post-10217","1":"product","2":"type-product","3":"status-publish","4":"has-post-thumbnail","6":"tour_phys-adventure-tours","7":"tour_phys-nature-experiences","8":"tour_phys-private-tours","10":"first","11":"instock","12":"taxable","13":"shipping-taxable","14":"purchasable","15":"product-type-tour_phys"},"aioseo_notices":[],"_links":{"self":[{"href":"https:\/\/ultratoursmedellin.com\/es\/wp-json\/wp\/v2\/product\/10217","targetHints":{"allow":["GET"]}}],"collection":[{"href":"https:\/\/ultratoursmedellin.com\/es\/wp-json\/wp\/v2\/product"}],"about":[{"href":"https:\/\/ultratoursmedellin.com\/es\/wp-json\/wp\/v2\/types\/product"}],"replies":[{"embeddable":true,"href":"https:\/\/ultratoursmedellin.com\/es\/wp-json\/wp\/v2\/comments?post=10217"}],"wp:featuredmedia":[{"embeddable":true,"href":"https:\/\/ultratoursmedellin.com\/es\/wp-json\/wp\/v2\/media\/18106"}],"wp:attachment":[{"href":"https:\/\/ultratoursmedellin.com\/es\/wp-json\/wp\/v2\/media?parent=10217"}],"wp:term":[{"taxonomy":"product_brand","embeddable":true,"href":"https:\/\/ultratoursmedellin.com\/es\/wp-json\/wp\/v2\/product_brand?post=10217"},{"taxonomy":"product_cat","embeddable":true,"href":"https:\/\/ultratoursmedellin.com\/es\/wp-json\/wp\/v2\/product_cat?post=10217"},{"taxonomy":"product_tag","embeddable":true,"href":"https:\/\/ultratoursmedellin.com\/es\/wp-json\/wp\/v2\/product_tag?post=10217"}],"curies":[{"name":"wp","href":"https:\/\/api.w.org\/{rel}","templated":true}]}}