{"id":17197,"date":"2026-02-13T00:22:15","date_gmt":"2026-02-13T05:22:15","guid":{"rendered":"https:\/\/ultratoursmedellin.com\/?post_type=product&#038;p=17197"},"modified":"2026-02-13T12:13:06","modified_gmt":"2026-02-13T17:13:06","slug":"mountain-bike-medellin","status":"publish","type":"product","link":"https:\/\/ultratoursmedellin.com\/tours\/mountain-bike-medellin","title":{"rendered":"Bicicleta de monta\u00f1a Medell\u00edn"},"content":{"rendered":"<p>Explora la exuberante naturaleza y la cultura rural de Colombia en un tour en bicicleta de monta\u00f1a para grupos reducidos.<\/p>\n<p>Sigue a tu gu\u00eda por un sendero abandonado que te llevar\u00e1 a trav\u00e9s de antiguos t\u00faneles de tren, puentes olvidados, fincas de caf\u00e9 y cascadas\ud83d\udeb2.<\/p>\n<p>Las superficies son en su mayor\u00eda cuesta abajo o planas, lo que hace que el recorrido sea perfecto para los amantes de la bicicleta principiantes.<\/p>\n<p>Una taza de caf\u00e9 colombiano y un almuerzo tradicional (ambos incluidos) te proporcionar\u00e1n la energ\u00eda necesaria para disfrutar de la aventura. \u00a1Tour especial para los amantes de la adrenalina y la naturaleza!<\/p>","protected":false},"excerpt":{"rendered":"<p>Explora la exuberante naturaleza y la cultura rural de Colombia en un tour en bicicleta de monta\u00f1a para grupos reducidos.<br \/>\nFollow your guide along an abandoned path that takes you through old train tunnels, forgotten bridges, past <\/p>","protected":false},"featured_media":17200,"comment_status":"open","ping_status":"closed","template":"","meta":[],"product_brand":[],"product_cat":[15],"product_tag":[],"class_list":{"0":"post-17197","1":"product","2":"type-product","3":"status-publish","4":"has-post-thumbnail","6":"tour_phys-city-urban-tours","7":"product_cat-sin-categorizar","9":"first","10":"instock","11":"taxable","12":"shipping-taxable","13":"purchasable","14":"product-type-tour_phys"},"aioseo_notices":[],"_links":{"self":[{"href":"https:\/\/ultratoursmedellin.com\/es\/wp-json\/wp\/v2\/product\/17197","targetHints":{"allow":["GET"]}}],"collection":[{"href":"https:\/\/ultratoursmedellin.com\/es\/wp-json\/wp\/v2\/product"}],"about":[{"href":"https:\/\/ultratoursmedellin.com\/es\/wp-json\/wp\/v2\/types\/product"}],"replies":[{"embeddable":true,"href":"https:\/\/ultratoursmedellin.com\/es\/wp-json\/wp\/v2\/comments?post=17197"}],"wp:featuredmedia":[{"embeddable":true,"href":"https:\/\/ultratoursmedellin.com\/es\/wp-json\/wp\/v2\/media\/17200"}],"wp:attachment":[{"href":"https:\/\/ultratoursmedellin.com\/es\/wp-json\/wp\/v2\/media?parent=17197"}],"wp:term":[{"taxonomy":"product_brand","embeddable":true,"href":"https:\/\/ultratoursmedellin.com\/es\/wp-json\/wp\/v2\/product_brand?post=17197"},{"taxonomy":"product_cat","embeddable":true,"href":"https:\/\/ultratoursmedellin.com\/es\/wp-json\/wp\/v2\/product_cat?post=17197"},{"taxonomy":"product_tag","embeddable":true,"href":"https:\/\/ultratoursmedellin.com\/es\/wp-json\/wp\/v2\/product_tag?post=17197"}],"curies":[{"name":"wp","href":"https:\/\/api.w.org\/{rel}","templated":true}]}}