{"id":17416,"date":"2026-02-13T11:29:12","date_gmt":"2026-02-13T16:29:12","guid":{"rendered":"https:\/\/ultratoursmedellin.com\/?post_type=product&#038;p=17416"},"modified":"2026-03-16T14:52:17","modified_gmt":"2026-03-16T19:52:17","slug":"atv-forest-tours-from-medellin","status":"publish","type":"product","link":"https:\/\/ultratoursmedellin.com\/tours\/atv-forest-tours-from-medellin","title":{"rendered":"Excursiones en cuatrimoto por el bosque desde Medell\u00edn"},"content":{"rendered":"<p>Prep\u00e1rate para una aventura llena de adrenalina en los impresionantes alrededores de Medell\u00edn, donde la adrenalina se une al lujo y la naturaleza. S\u00fabete a un potente cuatrimoto y explora pintorescos senderos de monta\u00f1a rodeados de frondosos bosques y espectaculares vistas de las exclusivas zonas residenciales de la \u00e9lite de Medell\u00edn, donde los ricos residen en sus lujosas mansiones. Siente la emoci\u00f3n al acelerar por sinuosas carreteras, caminos de tierra y vastos paisajes.<\/p>\n<p><strong>HORARIOS DE LAS VISITAS<\/strong>:<\/p>\n<ul>\n<li><strong>9:00 a. m.<\/strong><\/li>\n<li><strong>2:00 p. m.<\/strong><\/li>\n<\/ul>\n<p><strong>DURACI\u00d3N DEL TOUR:<\/strong> 4 horas en total<\/p>\n<p><strong>PUNTO DE ENCUENTRO: <\/strong>Te recogeremos en tu hotel o Airbnb.<\/p>\n<p><strong>QU\u00c9 INCLUYE:<\/strong><\/p>\n<ul>\n<li>Primero, aprender\u00e1s a manejar el cuatrimoto y recibir\u00e1s un casco y equipo de protecci\u00f3n para comenzar la actividad. .<\/li>\n<li>2 horas conduciendo un enorme quad<\/li>\n<li>Nuestro conductor local te recoger\u00e1 y te llevar\u00e1 de regreso a tu hotel o Airbnb al final del tour.<\/li>\n<li>Tendr\u00e1s tiempo para tomar fotos espectaculares en algunos miradores. .<\/li>\n<\/ul>\n<p style=\"text-align: center;\"><strong>\u00a1EL TOUR M\u00c1S VENDIDO EN MEDELL\u00cdN, COLOMBIA!<\/strong><\/p>\n<hr \/>\n<p>&nbsp;<\/p>\n<p>&nbsp;<\/p>\n<p>&nbsp;<\/p>\n<div class=\"tour-content-cancell-policy\">\n<p>&nbsp;<\/p>\n<\/div>","protected":false},"excerpt":{"rendered":"<p>Prepare for an adrenaline-pumping adventure in the stunning outskirts of Medell\u00edn, where adrenaline meets luxury and nature. Climb aboard a powerful ATV and explore picturesque mountain trails surrounded by lush <\/p>","protected":false},"featured_media":17419,"comment_status":"open","ping_status":"closed","template":"","meta":[],"product_brand":[],"product_cat":[],"product_tag":[],"class_list":{"0":"post-17416","1":"product","2":"type-product","3":"status-publish","4":"has-post-thumbnail","6":"tour_phys-adventure-tours","8":"first","9":"instock","10":"taxable","11":"shipping-taxable","12":"purchasable","13":"product-type-tour_phys"},"aioseo_notices":[],"_links":{"self":[{"href":"https:\/\/ultratoursmedellin.com\/es\/wp-json\/wp\/v2\/product\/17416","targetHints":{"allow":["GET"]}}],"collection":[{"href":"https:\/\/ultratoursmedellin.com\/es\/wp-json\/wp\/v2\/product"}],"about":[{"href":"https:\/\/ultratoursmedellin.com\/es\/wp-json\/wp\/v2\/types\/product"}],"replies":[{"embeddable":true,"href":"https:\/\/ultratoursmedellin.com\/es\/wp-json\/wp\/v2\/comments?post=17416"}],"wp:featuredmedia":[{"embeddable":true,"href":"https:\/\/ultratoursmedellin.com\/es\/wp-json\/wp\/v2\/media\/17419"}],"wp:attachment":[{"href":"https:\/\/ultratoursmedellin.com\/es\/wp-json\/wp\/v2\/media?parent=17416"}],"wp:term":[{"taxonomy":"product_brand","embeddable":true,"href":"https:\/\/ultratoursmedellin.com\/es\/wp-json\/wp\/v2\/product_brand?post=17416"},{"taxonomy":"product_cat","embeddable":true,"href":"https:\/\/ultratoursmedellin.com\/es\/wp-json\/wp\/v2\/product_cat?post=17416"},{"taxonomy":"product_tag","embeddable":true,"href":"https:\/\/ultratoursmedellin.com\/es\/wp-json\/wp\/v2\/product_tag?post=17416"}],"curies":[{"name":"wp","href":"https:\/\/api.w.org\/{rel}","templated":true}]}}