{"id":17511,"date":"2026-02-13T12:34:57","date_gmt":"2026-02-13T17:34:57","guid":{"rendered":"https:\/\/ultratoursmedellin.com\/?post_type=product&#038;p=17511"},"modified":"2026-02-13T12:42:49","modified_gmt":"2026-02-13T17:42:49","slug":"secret-waterfall-hike-tour","status":"publish","type":"product","link":"https:\/\/ultratoursmedellin.com\/tours\/secret-waterfall-hike-tour","title":{"rendered":"Excursi\u00f3n a la cascada secreta"},"content":{"rendered":"<p>Queremos inspirar a cualquiera que desee vivir nuestras experiencias y formar parte de la belleza de Colombia. Llegar\u00e1s al lugar del evento y descubrir\u00e1s el hermoso sendero que atraviesa nuestros bosques nubosos, cascadas y r\u00edos.<\/p>\n<p>La idea detr\u00e1s de esta experiencia es conectarse con la Pacha Mama (naturaleza), adentr\u00e1ndose en el h\u00e1bitat de pumas, ocelotes, zarig\u00fceyas, orqu\u00eddeas y aves, especialmente el cacique candela, y muchas otras especies que habitan esta reserva natural, a solo 30 minutos de la ciudad de Medell\u00edn.<\/p>\n<p><strong>Punto de encuentro:<\/strong> Nos reunimos a las 9 de la ma\u00f1ana en la calle 10, n\u00famero #43c-13.<\/p>\n<p>Terminamos entre la 1:30 y las 2:30 de la tarde.<\/p>\n<p>El trayecto de ida desde nuestro punto de partida hasta la cascada es una caminata de 1 hora y 30 minutos. Disfrutamos de la cascada durante 30 minutos y luego regresamos por el mismo sendero. El trayecto de regreso dura aproximadamente 1 hora. El tiempo total inmersos en la naturaleza es de aproximadamente 3 horas.<\/p>\n<p><strong>Distancia total:<\/strong> 4 km<\/p>\n<p><strong>Recomendaciones<\/strong>: Lleve zapatos adicionales que puedan mojarse (no chanclas), ropa para nadar en la cascada, una toalla, agua y un buen desayuno. No apto para personas con obesidad grave, personas mayores o con problemas de movilidad.<\/p>\n<p><strong>Incluye:<\/strong><\/p>\n<ul>\n<li>Transporte \u2705<\/li>\n<li>Gu\u00eda tur\u00edstico ingl\u00e9s-espa\u00f1ol \u2705<\/li>\n<li>Aperitivo: s\u00e1ndwich de queso, caf\u00e9, pl\u00e1tano \ud83c\udf4c Seguro y asistencia m\u00e9dica \u2705<\/li>\n<\/ul>","protected":false},"excerpt":{"rendered":"<p>We want to inspire anyone who wants to experience our experiences and become part of the beauty of Colombia.\u00a0 You&#8217;ll arrive at the event location, discovering the beautiful trail through <\/p>","protected":false},"featured_media":17512,"comment_status":"open","ping_status":"closed","template":"","meta":[],"product_brand":[],"product_cat":[15],"product_tag":[],"class_list":{"0":"post-17511","1":"product","2":"type-product","3":"status-publish","4":"has-post-thumbnail","6":"tour_phys-adventure-tours","7":"tour_phys-nature-experiences","8":"product_cat-sin-categorizar","10":"first","11":"instock","12":"taxable","13":"shipping-taxable","14":"purchasable","15":"product-type-tour_phys"},"aioseo_notices":[],"_links":{"self":[{"href":"https:\/\/ultratoursmedellin.com\/es\/wp-json\/wp\/v2\/product\/17511","targetHints":{"allow":["GET"]}}],"collection":[{"href":"https:\/\/ultratoursmedellin.com\/es\/wp-json\/wp\/v2\/product"}],"about":[{"href":"https:\/\/ultratoursmedellin.com\/es\/wp-json\/wp\/v2\/types\/product"}],"replies":[{"embeddable":true,"href":"https:\/\/ultratoursmedellin.com\/es\/wp-json\/wp\/v2\/comments?post=17511"}],"wp:featuredmedia":[{"embeddable":true,"href":"https:\/\/ultratoursmedellin.com\/es\/wp-json\/wp\/v2\/media\/17512"}],"wp:attachment":[{"href":"https:\/\/ultratoursmedellin.com\/es\/wp-json\/wp\/v2\/media?parent=17511"}],"wp:term":[{"taxonomy":"product_brand","embeddable":true,"href":"https:\/\/ultratoursmedellin.com\/es\/wp-json\/wp\/v2\/product_brand?post=17511"},{"taxonomy":"product_cat","embeddable":true,"href":"https:\/\/ultratoursmedellin.com\/es\/wp-json\/wp\/v2\/product_cat?post=17511"},{"taxonomy":"product_tag","embeddable":true,"href":"https:\/\/ultratoursmedellin.com\/es\/wp-json\/wp\/v2\/product_tag?post=17511"}],"curies":[{"name":"wp","href":"https:\/\/api.w.org\/{rel}","templated":true}]}}