{"id":17537,"date":"2026-02-13T13:01:28","date_gmt":"2026-02-13T18:01:28","guid":{"rendered":"https:\/\/ultratoursmedellin.com\/?post_type=product&#038;p=17537"},"modified":"2026-03-16T14:46:02","modified_gmt":"2026-03-16T19:46:02","slug":"comuna-13-graffiti-tour","status":"publish","type":"product","link":"https:\/\/ultratoursmedellin.com\/tours\/comuna-13-graffiti-tour","title":{"rendered":"Tour de grafitis por la Comuna 13"},"content":{"rendered":"<p>Con m\u00e1s de 8 a\u00f1os de experiencia, somos pioneros en la Comuna 13 y reconocidos por Airbnb y Tripadvisor como la mejor empresa tur\u00edstica de nuestra ciudad.<\/p>\n<p><strong>Punto de encuentro: Garden Coffee (Calle<\/strong>\u00a038a #108-21, Veinte de Julio, Medell\u00edn, San Javier, Medell\u00edn, Antioquia, Colombia)<\/p>\n<p><strong>Incluye:<\/strong><\/p>\n<ul>\n<li>Gu\u00eda local en espa\u00f1ol o ingl\u00e9s.<\/li>\n<li>Empanada t\u00edpica, prueba la deliciosa empanada de la iglesia\/el Vaticano.<\/li>\n<li>Butifarra: estas mini salchichas se han ganado el coraz\u00f3n de los locales.<\/li>\n<li>Patac\u00f3n con hogao Este mini patac\u00f3n frito con hogao est\u00e1 delicioso.<\/li>\n<li>Paleta de mango con sal y lim\u00f3n<\/li>\n<li>Visita el barrio con m\u00e1s grafitis de todo Medell\u00edn (conoceremos la historia detr\u00e1s de muchos de ellos).<\/li>\n<li>Visita las escaleras mec\u00e1nicas de la Comuna 13.<\/li>\n<li>Visita una galer\u00eda de arte en la Comuna 13.<\/li>\n<li>Conoce el arte callejero de la Comuna 13 Tambi\u00e9n iremos a un mirador desde donde se puede ver toda la ciudad de Medell\u00edn.<\/li>\n<li>Visita Independencia 2, otro lugar lleno de grafitis e historia.<\/li>\n<li>Conoce la historia de la Fosa Com\u00fan de la Comuna 13.<\/li>\n<\/ul>\n<p>TIMES<\/p>\n<ul>\n<li>9:30 a. m.<\/li>\n<li>1:30 p. m.<\/li>\n<li>4:30 p. m.<\/li>\n<\/ul>\n<p>DURACI\u00d3N: 3 horas<\/p>","protected":false},"excerpt":{"rendered":"<p>Con m\u00e1s de 8 a\u00f1os de experiencia, somos pioneros en la Comuna 13 y reconocidos por Airbnb y Tripadvisor como la mejor empresa tur\u00edstica de nuestra ciudad.<br \/>\nMeeting Point: Garden <\/p>","protected":false},"featured_media":17546,"comment_status":"open","ping_status":"closed","template":"","meta":[],"product_brand":[],"product_cat":[],"product_tag":[],"class_list":{"0":"post-17537","1":"product","2":"type-product","3":"status-publish","4":"has-post-thumbnail","6":"tour_phys-city-urban-tours","8":"first","9":"instock","10":"taxable","11":"shipping-taxable","12":"purchasable","13":"product-type-tour_phys"},"aioseo_notices":[],"_links":{"self":[{"href":"https:\/\/ultratoursmedellin.com\/es\/wp-json\/wp\/v2\/product\/17537","targetHints":{"allow":["GET"]}}],"collection":[{"href":"https:\/\/ultratoursmedellin.com\/es\/wp-json\/wp\/v2\/product"}],"about":[{"href":"https:\/\/ultratoursmedellin.com\/es\/wp-json\/wp\/v2\/types\/product"}],"replies":[{"embeddable":true,"href":"https:\/\/ultratoursmedellin.com\/es\/wp-json\/wp\/v2\/comments?post=17537"}],"wp:featuredmedia":[{"embeddable":true,"href":"https:\/\/ultratoursmedellin.com\/es\/wp-json\/wp\/v2\/media\/17546"}],"wp:attachment":[{"href":"https:\/\/ultratoursmedellin.com\/es\/wp-json\/wp\/v2\/media?parent=17537"}],"wp:term":[{"taxonomy":"product_brand","embeddable":true,"href":"https:\/\/ultratoursmedellin.com\/es\/wp-json\/wp\/v2\/product_brand?post=17537"},{"taxonomy":"product_cat","embeddable":true,"href":"https:\/\/ultratoursmedellin.com\/es\/wp-json\/wp\/v2\/product_cat?post=17537"},{"taxonomy":"product_tag","embeddable":true,"href":"https:\/\/ultratoursmedellin.com\/es\/wp-json\/wp\/v2\/product_tag?post=17537"}],"curies":[{"name":"wp","href":"https:\/\/api.w.org\/{rel}","templated":true}]}}