{"id":17553,"date":"2026-02-13T13:15:02","date_gmt":"2026-02-13T18:15:02","guid":{"rendered":"https:\/\/ultratoursmedellin.com\/?post_type=product&#038;p=17553"},"modified":"2026-02-13T13:15:36","modified_gmt":"2026-02-13T18:15:36","slug":"guatape-full-day-tours-with-lunch","status":"publish","type":"product","link":"https:\/\/ultratoursmedellin.com\/tours\/guatape-full-day-tours-with-lunch","title":{"rendered":"Excursiones de d\u00eda completo a Guatap\u00e9 con almuerzo incluido"},"content":{"rendered":"<p>Descubre la ciudad de Guatap\u00e9 en una visita guiada desde Medell\u00edn y aprende sobre esta colorida ciudad gracias a tu gu\u00eda.<\/p>\n<p>Emb\u00e1rquese en un crucero tur\u00edstico a la impresionante Piedra del Pe\u00f1ol, seguido de un almuerzo.<\/p>\n<p>Comience la ma\u00f1ana con la recogida en el parque Poblado de Medell\u00edn y viaje a la vibrante ciudad de Guatap\u00e9.<\/p>\n<p>Explora con tu gu\u00eda las coloridas calles con sus fachadas art\u00edsticas de azulejos y su fascinante historia \u2b50<\/p>\n<p>A continuaci\u00f3n, s\u00fabase a un bote y navegue por el embalse.<\/p>\n<p>Desembarque y visite la imponente Piedra del Pe\u00f1ol. Explore sus exuberantes alrededores, que ofrecen numerosas oportunidades para tomar fotos, especialmente si decide subir a este impresionante monumento.<\/p>\n<p>Despu\u00e9s, recupere fuerzas con un delicioso almuerzo.<\/p>\n<p>Haz una parada m\u00e1s en la Plaza de Z\u00f3calos y admira los coloridos murales y la historia que hay detr\u00e1s de ellos.<\/p>\n<p>Despu\u00e9s del tour, se le llevar\u00e1 de regreso al lugar donde se le recogi\u00f3.<\/p>\n<p><strong>Punto de encuentro<\/strong>: El Parque del Poblado<\/p>\n<p><strong>Incluye:\u00a0<\/strong><\/p>\n<p>Transporte de ida y vuelta desde Medell\u00edn \u2714\ufe0f<\/p>\n<p>\u2013 Desayuno<\/p>\n<p>\u2013 \u2060Almuerzo \u2714\ufe0f<\/p>\n<p>\u2013 \u2060Paseo en barco \u2714\ufe0f<\/p>\n<p>\u2013 Gu\u00eda profesional biling\u00fce \u2714\ufe0f<\/p>\n<p>\u2013 \u2060Parque Central Guatap\u00e9 \u2714\ufe0f<\/p>\n<p>\u2013 Panor\u00e1mica de las ruinas de la Hacienda La Manuela de Pablo Escobar \u2714\ufe0f<\/p>\n<p>\u2013 Visita a la Plaza de los Z\u00f3calos \u2714\ufe0f<\/p>\n<p>\u2013 Visita La piedra del pe\u00f1ol (Entrada 25 000 COP) \u2714\ufe0f<\/p>\n<p>\u2013 Impuestos locales \u2714\ufe0f<\/p>","protected":false},"excerpt":{"rendered":"<p>Descubre la ciudad de Guatap\u00e9 en una visita guiada desde Medell\u00edn y aprende sobre esta colorida ciudad gracias a tu gu\u00eda.<br \/>\nBoard a sightseeing cruise to the breathtaking Piedra del Pe\u00f1ol <\/p>","protected":false},"featured_media":17562,"comment_status":"open","ping_status":"closed","template":"","meta":[],"product_brand":[],"product_cat":[15],"product_tag":[],"class_list":{"0":"post-17553","1":"product","2":"type-product","3":"status-publish","4":"has-post-thumbnail","6":"tour_phys-full-day-tours","7":"tour_phys-nature-experiences","8":"product_cat-sin-categorizar","10":"first","11":"instock","12":"taxable","13":"shipping-taxable","14":"purchasable","15":"product-type-tour_phys"},"aioseo_notices":[],"_links":{"self":[{"href":"https:\/\/ultratoursmedellin.com\/es\/wp-json\/wp\/v2\/product\/17553","targetHints":{"allow":["GET"]}}],"collection":[{"href":"https:\/\/ultratoursmedellin.com\/es\/wp-json\/wp\/v2\/product"}],"about":[{"href":"https:\/\/ultratoursmedellin.com\/es\/wp-json\/wp\/v2\/types\/product"}],"replies":[{"embeddable":true,"href":"https:\/\/ultratoursmedellin.com\/es\/wp-json\/wp\/v2\/comments?post=17553"}],"wp:featuredmedia":[{"embeddable":true,"href":"https:\/\/ultratoursmedellin.com\/es\/wp-json\/wp\/v2\/media\/17562"}],"wp:attachment":[{"href":"https:\/\/ultratoursmedellin.com\/es\/wp-json\/wp\/v2\/media?parent=17553"}],"wp:term":[{"taxonomy":"product_brand","embeddable":true,"href":"https:\/\/ultratoursmedellin.com\/es\/wp-json\/wp\/v2\/product_brand?post=17553"},{"taxonomy":"product_cat","embeddable":true,"href":"https:\/\/ultratoursmedellin.com\/es\/wp-json\/wp\/v2\/product_cat?post=17553"},{"taxonomy":"product_tag","embeddable":true,"href":"https:\/\/ultratoursmedellin.com\/es\/wp-json\/wp\/v2\/product_tag?post=17553"}],"curies":[{"name":"wp","href":"https:\/\/api.w.org\/{rel}","templated":true}]}}