{"id":17573,"date":"2026-02-13T13:25:34","date_gmt":"2026-02-13T18:25:34","guid":{"rendered":"https:\/\/ultratoursmedellin.com\/?post_type=product&#038;p=17573"},"modified":"2026-02-13T13:27:54","modified_gmt":"2026-02-13T18:27:54","slug":"coffee-tour-experience-with-lunch","status":"publish","type":"product","link":"https:\/\/ultratoursmedellin.com\/tours\/coffee-tour-experience-with-lunch","title":{"rendered":"Experiencia de tour del caf\u00e9 con almuerzo incluido"},"content":{"rendered":"<p>\u00a1Disfruta de un maravilloso tour cafetero en San Sebasti\u00e1n de Palmitas, a solo 40 minutos de Medell\u00edn, para vivir la experiencia de ser un caficultor por un d\u00eda! \u00a1Descubre todo el proceso, desde que se planta el grano de caf\u00e9 hasta que disfrutas de su delicioso sabor!<\/p>\n<p>Descubre c\u00f3mo el campo, los arrieros y el caf\u00e9 son la inspiraci\u00f3n de grandes poetas y narradores, como nuestro cafetalero \u00abCarlos Valle\u00bb, quien mantiene la b\u00fasqueda constante de combinar el arte y el campo en un solo lugar para ofrecer una experiencia rural muy diferente.<\/p>\n<p>El tour incluye una refrescante bebida de muc\u00edlago de caf\u00e9, un delicioso batido de pl\u00e1tano con miel y queso, degustaci\u00f3n de los caf\u00e9s especiales de la finca, un maravilloso recuerdo que incluye un paquete de 80 g de caf\u00e9 con miel y una panela t\u00edpica colombiana, degustaci\u00f3n de caf\u00e9s especiales tipo miel y un maravilloso almuerzo paisa con embutidos.<\/p>\n<p><strong>Punto de encuentro: <\/strong>Te recogemos en tu hotel o Airbnb en El Poblado.<\/p>\n<p><strong>Incluye:<\/strong><\/p>\n<ul>\n<li>Transporte a la finca cafetalera<\/li>\n<li>Cata de caf\u00e9<\/li>\n<li>Almuerzo<\/li>\n<li>Jugo de la casa<\/li>\n<\/ul>","protected":false},"excerpt":{"rendered":"<p>Enjoy a wonderful coffee tour in San Sebasti\u00e1n de Palmitas, just 40 minutes from Medell\u00edn, to live the experience of being a coffee grower for a day!\u00a0 Discover the entire <\/p>","protected":false},"featured_media":17581,"comment_status":"open","ping_status":"closed","template":"","meta":[],"product_brand":[],"product_cat":[15],"product_tag":[],"class_list":{"0":"post-17573","1":"product","2":"type-product","3":"status-publish","4":"has-post-thumbnail","6":"tour_phys-city-urban-tours","7":"product_cat-sin-categorizar","9":"first","10":"instock","11":"taxable","12":"shipping-taxable","13":"purchasable","14":"product-type-tour_phys"},"aioseo_notices":[],"_links":{"self":[{"href":"https:\/\/ultratoursmedellin.com\/es\/wp-json\/wp\/v2\/product\/17573","targetHints":{"allow":["GET"]}}],"collection":[{"href":"https:\/\/ultratoursmedellin.com\/es\/wp-json\/wp\/v2\/product"}],"about":[{"href":"https:\/\/ultratoursmedellin.com\/es\/wp-json\/wp\/v2\/types\/product"}],"replies":[{"embeddable":true,"href":"https:\/\/ultratoursmedellin.com\/es\/wp-json\/wp\/v2\/comments?post=17573"}],"wp:featuredmedia":[{"embeddable":true,"href":"https:\/\/ultratoursmedellin.com\/es\/wp-json\/wp\/v2\/media\/17581"}],"wp:attachment":[{"href":"https:\/\/ultratoursmedellin.com\/es\/wp-json\/wp\/v2\/media?parent=17573"}],"wp:term":[{"taxonomy":"product_brand","embeddable":true,"href":"https:\/\/ultratoursmedellin.com\/es\/wp-json\/wp\/v2\/product_brand?post=17573"},{"taxonomy":"product_cat","embeddable":true,"href":"https:\/\/ultratoursmedellin.com\/es\/wp-json\/wp\/v2\/product_cat?post=17573"},{"taxonomy":"product_tag","embeddable":true,"href":"https:\/\/ultratoursmedellin.com\/es\/wp-json\/wp\/v2\/product_tag?post=17573"}],"curies":[{"name":"wp","href":"https:\/\/api.w.org\/{rel}","templated":true}]}}