{"id":17597,"date":"2026-02-13T13:40:46","date_gmt":"2026-02-13T18:40:46","guid":{"rendered":"https:\/\/ultratoursmedellin.com\/?post_type=product&#038;p=17597"},"modified":"2026-02-26T16:11:54","modified_gmt":"2026-02-26T21:11:54","slug":"medellin-in-1-day-city-tour-pablo-escobar-comuna-13-private-tour","status":"publish","type":"product","link":"https:\/\/ultratoursmedellin.com\/tours\/medellin-in-1-day-city-tour-pablo-escobar-comuna-13-private-tour","title":{"rendered":"Medell\u00edn en 1 d\u00eda (recorrido por la ciudad + Pablo Escobar + recorrido privado por la Comuna 13)"},"content":{"rendered":"<p>Disfrute de un completo tour privado combinado de 8 horas que incluye el tour por la ciudad de Medell\u00edn, el tour de Pablo Escobar y el tour por la Comuna 13. Este tour destaca los aspectos m\u00e1s importantes de los tres, explorando su relaci\u00f3n con el desarrollo de Medell\u00edn, su transformaci\u00f3n, el tr\u00e1fico de drogas y los grupos armados tras la muerte de Pablo Escobar, el control de las comunas de Medell\u00edn, la infame operaci\u00f3n militar Operaci\u00f3n Ori\u00f3n, en la que murieron miles de personas, y la transformaci\u00f3n de Medell\u00edn en los \u00faltimos 20 a\u00f1os en un destino tur\u00edstico innovador, resiliente y popular.<\/p>\n<p><strong>Punto de encuentro<\/strong>: Te recogeremos en tu hotel o Airbnb.<\/p>\n<p><strong>Incluye:<\/strong><\/p>\n<ul>\n<li>Gu\u00eda privado<\/li>\n<li>Veh\u00edculo privado con aire acondicionado<\/li>\n<li>Aperitivo t\u00edpico colombiano y caf\u00e9<\/li>\n<li>Impuestos y tasas<\/li>\n<\/ul>","protected":false},"excerpt":{"rendered":"<p>Enjoy a comprehensive 8-hour private combined tour that includes the Medell\u00edn city tour, the Pablo Escobar tour, and the Comuna 13 tour. This tour highlights the most important aspects of <\/p>","protected":false},"featured_media":17601,"comment_status":"open","ping_status":"closed","template":"","meta":[],"product_brand":[],"product_cat":[],"product_tag":[],"class_list":{"0":"post-17597","1":"product","2":"type-product","3":"status-publish","4":"has-post-thumbnail","6":"tour_phys-city-urban-tours","7":"tour_phys-full-day-tours","9":"first","10":"instock","11":"taxable","12":"shipping-taxable","13":"purchasable","14":"product-type-tour_phys"},"aioseo_notices":[],"_links":{"self":[{"href":"https:\/\/ultratoursmedellin.com\/es\/wp-json\/wp\/v2\/product\/17597","targetHints":{"allow":["GET"]}}],"collection":[{"href":"https:\/\/ultratoursmedellin.com\/es\/wp-json\/wp\/v2\/product"}],"about":[{"href":"https:\/\/ultratoursmedellin.com\/es\/wp-json\/wp\/v2\/types\/product"}],"replies":[{"embeddable":true,"href":"https:\/\/ultratoursmedellin.com\/es\/wp-json\/wp\/v2\/comments?post=17597"}],"wp:featuredmedia":[{"embeddable":true,"href":"https:\/\/ultratoursmedellin.com\/es\/wp-json\/wp\/v2\/media\/17601"}],"wp:attachment":[{"href":"https:\/\/ultratoursmedellin.com\/es\/wp-json\/wp\/v2\/media?parent=17597"}],"wp:term":[{"taxonomy":"product_brand","embeddable":true,"href":"https:\/\/ultratoursmedellin.com\/es\/wp-json\/wp\/v2\/product_brand?post=17597"},{"taxonomy":"product_cat","embeddable":true,"href":"https:\/\/ultratoursmedellin.com\/es\/wp-json\/wp\/v2\/product_cat?post=17597"},{"taxonomy":"product_tag","embeddable":true,"href":"https:\/\/ultratoursmedellin.com\/es\/wp-json\/wp\/v2\/product_tag?post=17597"}],"curies":[{"name":"wp","href":"https:\/\/api.w.org\/{rel}","templated":true}]}}