{"id":18113,"date":"2026-02-15T12:59:21","date_gmt":"2026-02-15T17:59:21","guid":{"rendered":"https:\/\/ultratoursmedellin.com\/?post_type=product&#038;p=18113"},"modified":"2026-03-16T14:40:58","modified_gmt":"2026-03-16T19:40:58","slug":"pablo-escobar-tour","status":"publish","type":"product","link":"https:\/\/ultratoursmedellin.com\/tours\/pablo-escobar-tour","title":{"rendered":"Tour Pablo Escobar Medell\u00edn"},"content":{"rendered":"<p>Sum\u00e9rgete en el Medell\u00edn de Pablo Escobar con esta emocionante visita guiada<\/p>\n<p>Conoce los d\u00edas m\u00e1s oscuros de la ciudad colombiana, cuando Escobar y el Cartel de Medell\u00edn llevaron la violencia a las calles. Escuchar\u00e1s historias sobre Escobar y su familia, sus enemigos y su legado mientras visitas lugares indeleblemente asociados con \u00e9l. Visitaremos los siguientes lugares:<\/p>\n<p>\u2013 Museo de Pablo Escobar<\/p>\n<p>\u2013 El cementerio y su tumba<\/p>\n<p>\u2013 El tejado donde fue asesinado por Los Pepes<\/p>\n<p>\u2013 Parque de la Inflexi\u00f3n (Parque de las V\u00edctimas)<\/p>\n<p><strong>Punto de encuentro:<\/strong> Iglesia de San Jos\u00e9 (<strong class=\"Yjhzub\" data-sfc-cb=\"\" data-processed=\"true\">Carrera 43A (#, 9-30) frente al Parque Poblado<\/strong><\/p>\n<p><strong>Incluye<\/strong><\/p>\n<ul>\n<li>Botella de agua \ud83c\udf76<\/li>\n<\/ul>\n<p>HORARIOS:<\/p>\n<ul>\n<li>9:00 a. m.<\/li>\n<li>2:00 p. m.<\/li>\n<\/ul>\n<p>DURACI\u00d3N DEL TOUR: 4 horas<\/p>\n<p>&nbsp;<\/p>","protected":false},"excerpt":{"rendered":"<p>Sum\u00e9rgete en el Medell\u00edn de Pablo Escobar con esta emocionante visita guiada<br \/>\nLearn about the Colombian city&#8217;s darkest days when Escobar and the Medell\u00edn Cartel brought violence to the streets \u26a1 <\/p>","protected":false},"featured_media":18114,"comment_status":"closed","ping_status":"closed","template":"","meta":[],"product_brand":[],"product_cat":[],"product_tag":[],"class_list":{"0":"post-18113","1":"product","2":"type-product","3":"status-publish","4":"has-post-thumbnail","6":"tour_phys-city-urban-tours","7":"tour_phys-private-tours","9":"first","10":"instock","11":"taxable","12":"shipping-taxable","13":"purchasable","14":"product-type-tour_phys"},"aioseo_notices":[],"_links":{"self":[{"href":"https:\/\/ultratoursmedellin.com\/es\/wp-json\/wp\/v2\/product\/18113","targetHints":{"allow":["GET"]}}],"collection":[{"href":"https:\/\/ultratoursmedellin.com\/es\/wp-json\/wp\/v2\/product"}],"about":[{"href":"https:\/\/ultratoursmedellin.com\/es\/wp-json\/wp\/v2\/types\/product"}],"replies":[{"embeddable":true,"href":"https:\/\/ultratoursmedellin.com\/es\/wp-json\/wp\/v2\/comments?post=18113"}],"wp:featuredmedia":[{"embeddable":true,"href":"https:\/\/ultratoursmedellin.com\/es\/wp-json\/wp\/v2\/media\/18114"}],"wp:attachment":[{"href":"https:\/\/ultratoursmedellin.com\/es\/wp-json\/wp\/v2\/media?parent=18113"}],"wp:term":[{"taxonomy":"product_brand","embeddable":true,"href":"https:\/\/ultratoursmedellin.com\/es\/wp-json\/wp\/v2\/product_brand?post=18113"},{"taxonomy":"product_cat","embeddable":true,"href":"https:\/\/ultratoursmedellin.com\/es\/wp-json\/wp\/v2\/product_cat?post=18113"},{"taxonomy":"product_tag","embeddable":true,"href":"https:\/\/ultratoursmedellin.com\/es\/wp-json\/wp\/v2\/product_tag?post=18113"}],"curies":[{"name":"wp","href":"https:\/\/api.w.org\/{rel}","templated":true}]}}