{"id":18445,"date":"2026-02-16T11:29:01","date_gmt":"2026-02-16T16:29:01","guid":{"rendered":"https:\/\/ultratoursmedellin.com\/?post_type=product&#038;p=18445"},"modified":"2026-02-16T18:35:09","modified_gmt":"2026-02-16T23:35:09","slug":"ebike-city-tour","status":"publish","type":"product","link":"https:\/\/ultratoursmedellin.com\/tours\/ebike-city-tour","title":{"rendered":"Recorrido por la ciudad en bicicleta el\u00e9ctrica en Medell\u00edn"},"content":{"rendered":"<p>\u00a1Bienvenido a una experiencia \u00fanica! S\u00fabete a nuestra bicicleta y explora los lugares m\u00e1s emblem\u00e1ticos de Medell\u00edn, acompa\u00f1ado por un gu\u00eda local que te mostrar\u00e1 lo mejor de nuestra ciudad de una manera divertida e hist\u00f3rica.<\/p>\n<div class=\"tour-content-before\">\n<ul>\n<li>Pase un d\u00eda explorando el Ca\u00f1\u00f3n del Ant\u00edlope X, acompa\u00f1ado por un gu\u00eda navajo.<\/li>\n<li>Viaje por Nevada, Utah y Arizona en minivan desde Las Vegas.<\/li>\n<li>Evita las multitudes en destinos de dif\u00edcil acceso con un tour en grupo reducido.<\/li>\n<li>Se proporcionan agua embotellada, refrescos y s\u00e1ndwiches.<\/li>\n<\/ul>\n<\/div>\n<p>&nbsp;<\/p>\n<hr \/>\n<p>&nbsp;<\/p>\n<div class=\"tour-content-what-included\">\n<h4 id=\"whats-included\">Qu\u00e9 incluye<\/h4>\n<\/div>\n<ul>\n<li>Aperitivo t\u00edpico de Medell\u00edn<\/li>\n<li>Cerveza local o caf\u00e9 artesanal<\/li>\n<li>Botella de agua<\/li>\n<li>Bicicleta y casco<\/li>\n<\/ul>\n<hr \/>\n<p>&nbsp;<\/p>\n<p>&nbsp;<\/p>\n<div class=\"tour-content-cancell-policy\">\n<p>&nbsp;<\/p>\n<\/div>","protected":false},"excerpt":{"rendered":"<p>Welcome to a unique experience! Hop on our bike and explore the most iconic places in Medell\u00edn, accompanied by a local guide who will show you the best of our <\/p>","protected":false},"featured_media":17005,"comment_status":"open","ping_status":"closed","template":"","meta":[],"product_brand":[],"product_cat":[],"product_tag":[],"class_list":{"0":"post-18445","1":"product","2":"type-product","3":"status-publish","4":"has-post-thumbnail","6":"pa_month-february","7":"pa_month-april","9":"first","10":"instock","11":"taxable","12":"shipping-taxable","13":"purchasable","14":"product-type-tour_phys"},"aioseo_notices":[],"_links":{"self":[{"href":"https:\/\/ultratoursmedellin.com\/es\/wp-json\/wp\/v2\/product\/18445","targetHints":{"allow":["GET"]}}],"collection":[{"href":"https:\/\/ultratoursmedellin.com\/es\/wp-json\/wp\/v2\/product"}],"about":[{"href":"https:\/\/ultratoursmedellin.com\/es\/wp-json\/wp\/v2\/types\/product"}],"replies":[{"embeddable":true,"href":"https:\/\/ultratoursmedellin.com\/es\/wp-json\/wp\/v2\/comments?post=18445"}],"wp:featuredmedia":[{"embeddable":true,"href":"https:\/\/ultratoursmedellin.com\/es\/wp-json\/wp\/v2\/media\/17005"}],"wp:attachment":[{"href":"https:\/\/ultratoursmedellin.com\/es\/wp-json\/wp\/v2\/media?parent=18445"}],"wp:term":[{"taxonomy":"product_brand","embeddable":true,"href":"https:\/\/ultratoursmedellin.com\/es\/wp-json\/wp\/v2\/product_brand?post=18445"},{"taxonomy":"product_cat","embeddable":true,"href":"https:\/\/ultratoursmedellin.com\/es\/wp-json\/wp\/v2\/product_cat?post=18445"},{"taxonomy":"product_tag","embeddable":true,"href":"https:\/\/ultratoursmedellin.com\/es\/wp-json\/wp\/v2\/product_tag?post=18445"}],"curies":[{"name":"wp","href":"https:\/\/api.w.org\/{rel}","templated":true}]}}